{"id":9917,"date":"2023-08-09T10:38:35","date_gmt":"2023-08-09T10:38:35","guid":{"rendered":"https:\/\/spgautomotive.com\/?product=wiper-washer-tank-cap-3"},"modified":"2023-10-25T11:38:08","modified_gmt":"2023-10-25T11:38:08","slug":"wiper-washer-tank-cap-3","status":"publish","type":"product","link":"https:\/\/spgautomotive.com\/tr\/products\/body\/exterior\/wipers-washers\/caps-covers\/wiper-washer-tank-cap-3\/","title":{"rendered":"Silecek Suyu Tank\u0131 Kapa\u011f\u0131"},"content":{"rendered":"<p>SPG000158 , A2038690108 , MERCEDES , W203, W639, W221, W209,  S203, CL203, C209, C230 (2006 &#8211; 2007), C240 (2001 &#8211; 2005), C280 (2006 &#8211; 2007), C320 (2001 &#8211; 2005), C350 (2006 &#8211; 2007), C55 AMG (2005 &#8211; 2007), CL500 (2007 &#8211; 2011), CL550 (2007 &#8211; 2010), CL600 (2006 &#8211; 2013), CL63 AMG (2008 &#8211; 2011), CL65 AMG (2006), CLK280 (2007 &#8211; 2009), CLK320 (2003 &#8211; 2005), CLK350 (2006 &#8211; 2009), CLK500 (2003 &#8211; 2009), CLK55 AMG (2004 &#8211; 2006), CLK550 (2007 &#8211; 2009), CLK63 AMG (2008 &#8211; 2009), S350 (2012 &#8211; 2013), S500 (2008 &#8211; 2011), S550 (2007 &#8211; 2011), S600 (2005 &#8211; 2013), S63 AMG (2009 &#8211; 2013), S65 AMG (2005 &#8211; 2013)<\/p>","protected":false},"excerpt":{"rendered":"<p>Bu \u00fcr\u00fcn i\u00e7in minimum sipari\u015f adedi 1 adettir<\/p>","protected":false},"featured_media":4404,"template":"","meta":{"_acf_changed":false,"jetpack_post_was_ever_published":false},"product_brand":[],"product_cat":[5415],"product_tag":[316],"class_list":{"0":"post-9917","1":"product","2":"type-product","3":"status-publish","4":"has-post-thumbnail","6":"product_cat-caps-covers","7":"product_tag-a2038690108","8":"pa_brand-mercedes","9":"pa_categories-caps-covers","10":"pa_color-blue","11":"pa_direction-location-front","12":"pa_model-c209","13":"pa_model-c230-2006-2007","14":"pa_model-c240-2001-2005","15":"pa_model-c280-2006-2007","16":"pa_model-c320-2001-2005","17":"pa_model-c350-2006-2007","18":"pa_model-c55-amg-2005-2007","19":"pa_model-cl203","20":"pa_model-cl500-2007-2011","21":"pa_model-cl550-2007-2010","22":"pa_model-cl600-2006-2013","23":"pa_model-cl63-amg-2008-2011","24":"pa_model-cl65-amg-2006","25":"pa_model-clk280-2007-2009","26":"pa_model-clk320-2003-2005","27":"pa_model-clk350-2006-2009","28":"pa_model-clk500-2003-2009","29":"pa_model-clk55-amg-2004-2006","30":"pa_model-clk550-2007-2009","31":"pa_model-clk63-amg-2008-2009","32":"pa_model-s203","33":"pa_model-s350-2012-2013","34":"pa_model-s500-2008-2011","35":"pa_model-s550-2007-2011","36":"pa_model-s600-2005-2013","37":"pa_model-s63-amg-2009-2013","38":"pa_model-s65-amg-2005-2013","39":"pa_model-w203-2","40":"pa_model-w209","41":"pa_model-w221","42":"pa_model-w639","43":"pa_oem-a2038690108","45":"first","46":"instock","47":"taxable","48":"shipping-taxable","49":"product-type-simple"},"acf":[],"yoast_head":"<!-- This site is optimized with the Yoast SEO plugin v27.3 - https:\/\/yoast.com\/product\/yoast-seo-wordpress\/ -->\n<title>Wiper Washer Tank Cap - SPG Automotive<\/title>\n<meta name=\"robots\" content=\"index, follow, max-snippet:-1, max-image-preview:large, max-video-preview:-1\" \/>\n<link rel=\"canonical\" href=\"https:\/\/spgautomotive.com\/tr\/products\/body\/exterior\/wipers-washers\/caps-covers\/wiper-washer-tank-cap-3\/\" \/>\n<meta property=\"og:locale\" content=\"tr_TR\" \/>\n<meta property=\"og:type\" content=\"article\" \/>\n<meta property=\"og:title\" content=\"Wiper Washer Tank Cap - SPG Automotive\" \/>\n<meta property=\"og:description\" content=\"Minimum order quantity of this item is 1 pcs\" \/>\n<meta property=\"og:url\" content=\"https:\/\/spgautomotive.com\/tr\/products\/body\/exterior\/wipers-washers\/caps-covers\/wiper-washer-tank-cap-3\/\" \/>\n<meta property=\"og:site_name\" content=\"SPG Automotive\" \/>\n<meta property=\"article:modified_time\" content=\"2023-10-25T11:38:08+00:00\" \/>\n<meta property=\"og:image\" content=\"https:\/\/spgautomotive.com\/wp-content\/uploads\/SPG000158.jpg\" \/>\n\t<meta property=\"og:image:width\" content=\"1535\" \/>\n\t<meta property=\"og:image:height\" content=\"966\" \/>\n\t<meta property=\"og:image:type\" content=\"image\/jpeg\" \/>\n<meta name=\"twitter:card\" content=\"summary_large_image\" \/>\n<script type=\"application\/ld+json\" class=\"yoast-schema-graph\">{\"@context\":\"https:\\\/\\\/schema.org\",\"@graph\":[{\"@type\":\"WebPage\",\"@id\":\"https:\\\/\\\/spgautomotive.com\\\/products\\\/body\\\/exterior\\\/wipers-washers\\\/caps-covers\\\/wiper-washer-tank-cap-3\\\/\",\"url\":\"https:\\\/\\\/spgautomotive.com\\\/products\\\/body\\\/exterior\\\/wipers-washers\\\/caps-covers\\\/wiper-washer-tank-cap-3\\\/\",\"name\":\"Wiper Washer Tank Cap - SPG Automotive\",\"isPartOf\":{\"@id\":\"https:\\\/\\\/spgautomotive.com\\\/#website\"},\"primaryImageOfPage\":{\"@id\":\"https:\\\/\\\/spgautomotive.com\\\/products\\\/body\\\/exterior\\\/wipers-washers\\\/caps-covers\\\/wiper-washer-tank-cap-3\\\/#primaryimage\"},\"image\":{\"@id\":\"https:\\\/\\\/spgautomotive.com\\\/products\\\/body\\\/exterior\\\/wipers-washers\\\/caps-covers\\\/wiper-washer-tank-cap-3\\\/#primaryimage\"},\"thumbnailUrl\":\"https:\\\/\\\/i0.wp.com\\\/spgautomotive.com\\\/wp-content\\\/uploads\\\/SPG000158.jpg?fit=1535%2C966&ssl=1\",\"datePublished\":\"2023-08-09T10:38:35+00:00\",\"dateModified\":\"2023-10-25T11:38:08+00:00\",\"breadcrumb\":{\"@id\":\"https:\\\/\\\/spgautomotive.com\\\/products\\\/body\\\/exterior\\\/wipers-washers\\\/caps-covers\\\/wiper-washer-tank-cap-3\\\/#breadcrumb\"},\"inLanguage\":\"tr\",\"potentialAction\":[{\"@type\":\"ReadAction\",\"target\":[\"https:\\\/\\\/spgautomotive.com\\\/products\\\/body\\\/exterior\\\/wipers-washers\\\/caps-covers\\\/wiper-washer-tank-cap-3\\\/\"]}]},{\"@type\":\"ImageObject\",\"inLanguage\":\"tr\",\"@id\":\"https:\\\/\\\/spgautomotive.com\\\/products\\\/body\\\/exterior\\\/wipers-washers\\\/caps-covers\\\/wiper-washer-tank-cap-3\\\/#primaryimage\",\"url\":\"https:\\\/\\\/i0.wp.com\\\/spgautomotive.com\\\/wp-content\\\/uploads\\\/SPG000158.jpg?fit=1535%2C966&ssl=1\",\"contentUrl\":\"https:\\\/\\\/i0.wp.com\\\/spgautomotive.com\\\/wp-content\\\/uploads\\\/SPG000158.jpg?fit=1535%2C966&ssl=1\",\"width\":1535,\"height\":966},{\"@type\":\"BreadcrumbList\",\"@id\":\"https:\\\/\\\/spgautomotive.com\\\/products\\\/body\\\/exterior\\\/wipers-washers\\\/caps-covers\\\/wiper-washer-tank-cap-3\\\/#breadcrumb\",\"itemListElement\":[{\"@type\":\"ListItem\",\"position\":1,\"name\":\"Home\",\"item\":\"https:\\\/\\\/spgautomotive.com\\\/\"},{\"@type\":\"ListItem\",\"position\":2,\"name\":\"Products\",\"item\":\"https:\\\/\\\/spgautomotive.com\\\/products\\\/\"},{\"@type\":\"ListItem\",\"position\":3,\"name\":\"Wiper Washer Tank Cap\"}]},{\"@type\":\"WebSite\",\"@id\":\"https:\\\/\\\/spgautomotive.com\\\/#website\",\"url\":\"https:\\\/\\\/spgautomotive.com\\\/\",\"name\":\"SPG Automotive\",\"description\":\"\",\"publisher\":{\"@id\":\"https:\\\/\\\/spgautomotive.com\\\/#organization\"},\"potentialAction\":[{\"@type\":\"SearchAction\",\"target\":{\"@type\":\"EntryPoint\",\"urlTemplate\":\"https:\\\/\\\/spgautomotive.com\\\/?s={search_term_string}\"},\"query-input\":{\"@type\":\"PropertyValueSpecification\",\"valueRequired\":true,\"valueName\":\"search_term_string\"}}],\"inLanguage\":\"tr\"},{\"@type\":\"Organization\",\"@id\":\"https:\\\/\\\/spgautomotive.com\\\/#organization\",\"name\":\"SPG Automotive\",\"url\":\"https:\\\/\\\/spgautomotive.com\\\/\",\"logo\":{\"@type\":\"ImageObject\",\"inLanguage\":\"tr\",\"@id\":\"https:\\\/\\\/spgautomotive.com\\\/#\\\/schema\\\/logo\\\/image\\\/\",\"url\":\"https:\\\/\\\/i0.wp.com\\\/spgautomotive.com\\\/wp-content\\\/uploads\\\/spg-215-50.png?fit=215%2C50&ssl=1\",\"contentUrl\":\"https:\\\/\\\/i0.wp.com\\\/spgautomotive.com\\\/wp-content\\\/uploads\\\/spg-215-50.png?fit=215%2C50&ssl=1\",\"width\":215,\"height\":50,\"caption\":\"SPG Automotive\"},\"image\":{\"@id\":\"https:\\\/\\\/spgautomotive.com\\\/#\\\/schema\\\/logo\\\/image\\\/\"}}]}<\/script>\n<!-- \/ Yoast SEO plugin. -->","yoast_head_json":{"title":"Wiper Washer Tank Cap - SPG Automotive","robots":{"index":"index","follow":"follow","max-snippet":"max-snippet:-1","max-image-preview":"max-image-preview:large","max-video-preview":"max-video-preview:-1"},"canonical":"https:\/\/spgautomotive.com\/tr\/products\/body\/exterior\/wipers-washers\/caps-covers\/wiper-washer-tank-cap-3\/","og_locale":"tr_TR","og_type":"article","og_title":"Wiper Washer Tank Cap - SPG Automotive","og_description":"Minimum order quantity of this item is 1 pcs","og_url":"https:\/\/spgautomotive.com\/tr\/products\/body\/exterior\/wipers-washers\/caps-covers\/wiper-washer-tank-cap-3\/","og_site_name":"SPG Automotive","article_modified_time":"2023-10-25T11:38:08+00:00","og_image":[{"width":1535,"height":966,"url":"https:\/\/spgautomotive.com\/wp-content\/uploads\/SPG000158.jpg","type":"image\/jpeg"}],"twitter_card":"summary_large_image","schema":{"@context":"https:\/\/schema.org","@graph":[{"@type":"WebPage","@id":"https:\/\/spgautomotive.com\/products\/body\/exterior\/wipers-washers\/caps-covers\/wiper-washer-tank-cap-3\/","url":"https:\/\/spgautomotive.com\/products\/body\/exterior\/wipers-washers\/caps-covers\/wiper-washer-tank-cap-3\/","name":"Wiper Washer Tank Cap - SPG Automotive","isPartOf":{"@id":"https:\/\/spgautomotive.com\/#website"},"primaryImageOfPage":{"@id":"https:\/\/spgautomotive.com\/products\/body\/exterior\/wipers-washers\/caps-covers\/wiper-washer-tank-cap-3\/#primaryimage"},"image":{"@id":"https:\/\/spgautomotive.com\/products\/body\/exterior\/wipers-washers\/caps-covers\/wiper-washer-tank-cap-3\/#primaryimage"},"thumbnailUrl":"https:\/\/i0.wp.com\/spgautomotive.com\/wp-content\/uploads\/SPG000158.jpg?fit=1535%2C966&ssl=1","datePublished":"2023-08-09T10:38:35+00:00","dateModified":"2023-10-25T11:38:08+00:00","breadcrumb":{"@id":"https:\/\/spgautomotive.com\/products\/body\/exterior\/wipers-washers\/caps-covers\/wiper-washer-tank-cap-3\/#breadcrumb"},"inLanguage":"tr","potentialAction":[{"@type":"ReadAction","target":["https:\/\/spgautomotive.com\/products\/body\/exterior\/wipers-washers\/caps-covers\/wiper-washer-tank-cap-3\/"]}]},{"@type":"ImageObject","inLanguage":"tr","@id":"https:\/\/spgautomotive.com\/products\/body\/exterior\/wipers-washers\/caps-covers\/wiper-washer-tank-cap-3\/#primaryimage","url":"https:\/\/i0.wp.com\/spgautomotive.com\/wp-content\/uploads\/SPG000158.jpg?fit=1535%2C966&ssl=1","contentUrl":"https:\/\/i0.wp.com\/spgautomotive.com\/wp-content\/uploads\/SPG000158.jpg?fit=1535%2C966&ssl=1","width":1535,"height":966},{"@type":"BreadcrumbList","@id":"https:\/\/spgautomotive.com\/products\/body\/exterior\/wipers-washers\/caps-covers\/wiper-washer-tank-cap-3\/#breadcrumb","itemListElement":[{"@type":"ListItem","position":1,"name":"Home","item":"https:\/\/spgautomotive.com\/"},{"@type":"ListItem","position":2,"name":"Products","item":"https:\/\/spgautomotive.com\/products\/"},{"@type":"ListItem","position":3,"name":"Wiper Washer Tank Cap"}]},{"@type":"WebSite","@id":"https:\/\/spgautomotive.com\/#website","url":"https:\/\/spgautomotive.com\/","name":"SPG Automotive","description":"","publisher":{"@id":"https:\/\/spgautomotive.com\/#organization"},"potentialAction":[{"@type":"SearchAction","target":{"@type":"EntryPoint","urlTemplate":"https:\/\/spgautomotive.com\/?s={search_term_string}"},"query-input":{"@type":"PropertyValueSpecification","valueRequired":true,"valueName":"search_term_string"}}],"inLanguage":"tr"},{"@type":"Organization","@id":"https:\/\/spgautomotive.com\/#organization","name":"SPG Automotive","url":"https:\/\/spgautomotive.com\/","logo":{"@type":"ImageObject","inLanguage":"tr","@id":"https:\/\/spgautomotive.com\/#\/schema\/logo\/image\/","url":"https:\/\/i0.wp.com\/spgautomotive.com\/wp-content\/uploads\/spg-215-50.png?fit=215%2C50&ssl=1","contentUrl":"https:\/\/i0.wp.com\/spgautomotive.com\/wp-content\/uploads\/spg-215-50.png?fit=215%2C50&ssl=1","width":215,"height":50,"caption":"SPG Automotive"},"image":{"@id":"https:\/\/spgautomotive.com\/#\/schema\/logo\/image\/"}}]}},"jetpack_sharing_enabled":true,"_links":{"self":[{"href":"https:\/\/spgautomotive.com\/tr\/wp-json\/wp\/v2\/product\/9917","targetHints":{"allow":["GET"]}}],"collection":[{"href":"https:\/\/spgautomotive.com\/tr\/wp-json\/wp\/v2\/product"}],"about":[{"href":"https:\/\/spgautomotive.com\/tr\/wp-json\/wp\/v2\/types\/product"}],"wp:featuredmedia":[{"embeddable":true,"href":"https:\/\/spgautomotive.com\/tr\/wp-json\/wp\/v2\/media\/4404"}],"wp:attachment":[{"href":"https:\/\/spgautomotive.com\/tr\/wp-json\/wp\/v2\/media?parent=9917"}],"wp:term":[{"taxonomy":"product_brand","embeddable":true,"href":"https:\/\/spgautomotive.com\/tr\/wp-json\/wp\/v2\/product_brand?post=9917"},{"taxonomy":"product_cat","embeddable":true,"href":"https:\/\/spgautomotive.com\/tr\/wp-json\/wp\/v2\/product_cat?post=9917"},{"taxonomy":"product_tag","embeddable":true,"href":"https:\/\/spgautomotive.com\/tr\/wp-json\/wp\/v2\/product_tag?post=9917"}],"curies":[{"name":"wp","href":"https:\/\/api.w.org\/{rel}","templated":true}]}}