{"id":13152,"date":"2023-08-09T11:05:04","date_gmt":"2023-08-09T11:05:04","guid":{"rendered":"https:\/\/spgautomotive.com\/?product=tailight-clips-2"},"modified":"2023-10-25T11:45:04","modified_gmt":"2023-10-25T11:45:04","slug":"tailight-clips-2","status":"publish","type":"product","link":"https:\/\/spgautomotive.com\/tr\/products\/body\/interior\/tailights-interior\/clip-tailights-interior\/tailight-clips-2\/","title":{"rendered":"Stop Lambas\u0131 Klipsi"},"content":{"rendered":"<p>SPG004321 ,  81496-52020, 81496-0E020 , TOYOTA | LEXUS , Highlander, Land Cruiser, CT200h, ES300h<\/p>","protected":false},"excerpt":{"rendered":"<p>Bu \u00fcr\u00fcn i\u00e7in minimum sipari\u015f adedi 1 adettir<\/p>","protected":false},"featured_media":8274,"template":"","meta":{"_acf_changed":false,"jetpack_post_was_ever_published":false},"product_brand":[],"product_cat":[5659],"product_tag":[3843,3842],"class_list":{"0":"post-13152","1":"product","2":"type-product","3":"status-publish","4":"has-post-thumbnail","6":"product_cat-clip-tailights-interior","7":"product_tag-81496-0e020","8":"product_tag-81496-52020","9":"pa_brand-lexus","10":"pa_brand-toyota","11":"pa_categories-clip","12":"pa_color-white","13":"pa_model-ct200h","14":"pa_model-es300h","15":"pa_model-highlander","16":"pa_model-land-cruiser","17":"pa_oem-81496-0e020","18":"pa_oem-81496-52020","20":"first","21":"instock","22":"taxable","23":"shipping-taxable","24":"product-type-simple"},"acf":[],"yoast_head":"<!-- This site is optimized with the Yoast SEO plugin v27.3 - https:\/\/yoast.com\/product\/yoast-seo-wordpress\/ -->\n<title>Tailight Clips - SPG Automotive<\/title>\n<meta name=\"robots\" content=\"index, follow, max-snippet:-1, max-image-preview:large, max-video-preview:-1\" \/>\n<link rel=\"canonical\" href=\"https:\/\/spgautomotive.com\/tr\/products\/body\/interior\/tailights-interior\/clip-tailights-interior\/tailight-clips-2\/\" \/>\n<meta property=\"og:locale\" content=\"tr_TR\" \/>\n<meta property=\"og:type\" content=\"article\" \/>\n<meta property=\"og:title\" content=\"Tailight Clips - SPG Automotive\" \/>\n<meta property=\"og:description\" content=\"Minimum order quantity of this item is 1 pcs\" \/>\n<meta property=\"og:url\" content=\"https:\/\/spgautomotive.com\/tr\/products\/body\/interior\/tailights-interior\/clip-tailights-interior\/tailight-clips-2\/\" \/>\n<meta property=\"og:site_name\" content=\"SPG Automotive\" \/>\n<meta property=\"article:modified_time\" content=\"2023-10-25T11:45:04+00:00\" \/>\n<meta property=\"og:image\" content=\"https:\/\/spgautomotive.com\/wp-content\/uploads\/SPG004321.jpg\" \/>\n\t<meta property=\"og:image:width\" content=\"1800\" \/>\n\t<meta property=\"og:image:height\" content=\"1200\" \/>\n\t<meta property=\"og:image:type\" content=\"image\/jpeg\" \/>\n<meta name=\"twitter:card\" content=\"summary_large_image\" \/>\n<script type=\"application\/ld+json\" class=\"yoast-schema-graph\">{\"@context\":\"https:\\\/\\\/schema.org\",\"@graph\":[{\"@type\":\"WebPage\",\"@id\":\"https:\\\/\\\/spgautomotive.com\\\/products\\\/body\\\/interior\\\/tailights-interior\\\/clip-tailights-interior\\\/tailight-clips-2\\\/\",\"url\":\"https:\\\/\\\/spgautomotive.com\\\/products\\\/body\\\/interior\\\/tailights-interior\\\/clip-tailights-interior\\\/tailight-clips-2\\\/\",\"name\":\"Tailight Clips - SPG Automotive\",\"isPartOf\":{\"@id\":\"https:\\\/\\\/spgautomotive.com\\\/#website\"},\"primaryImageOfPage\":{\"@id\":\"https:\\\/\\\/spgautomotive.com\\\/products\\\/body\\\/interior\\\/tailights-interior\\\/clip-tailights-interior\\\/tailight-clips-2\\\/#primaryimage\"},\"image\":{\"@id\":\"https:\\\/\\\/spgautomotive.com\\\/products\\\/body\\\/interior\\\/tailights-interior\\\/clip-tailights-interior\\\/tailight-clips-2\\\/#primaryimage\"},\"thumbnailUrl\":\"https:\\\/\\\/i0.wp.com\\\/spgautomotive.com\\\/wp-content\\\/uploads\\\/SPG004321.jpg?fit=1800%2C1200&ssl=1\",\"datePublished\":\"2023-08-09T11:05:04+00:00\",\"dateModified\":\"2023-10-25T11:45:04+00:00\",\"breadcrumb\":{\"@id\":\"https:\\\/\\\/spgautomotive.com\\\/products\\\/body\\\/interior\\\/tailights-interior\\\/clip-tailights-interior\\\/tailight-clips-2\\\/#breadcrumb\"},\"inLanguage\":\"tr\",\"potentialAction\":[{\"@type\":\"ReadAction\",\"target\":[\"https:\\\/\\\/spgautomotive.com\\\/products\\\/body\\\/interior\\\/tailights-interior\\\/clip-tailights-interior\\\/tailight-clips-2\\\/\"]}]},{\"@type\":\"ImageObject\",\"inLanguage\":\"tr\",\"@id\":\"https:\\\/\\\/spgautomotive.com\\\/products\\\/body\\\/interior\\\/tailights-interior\\\/clip-tailights-interior\\\/tailight-clips-2\\\/#primaryimage\",\"url\":\"https:\\\/\\\/i0.wp.com\\\/spgautomotive.com\\\/wp-content\\\/uploads\\\/SPG004321.jpg?fit=1800%2C1200&ssl=1\",\"contentUrl\":\"https:\\\/\\\/i0.wp.com\\\/spgautomotive.com\\\/wp-content\\\/uploads\\\/SPG004321.jpg?fit=1800%2C1200&ssl=1\",\"width\":1800,\"height\":1200},{\"@type\":\"BreadcrumbList\",\"@id\":\"https:\\\/\\\/spgautomotive.com\\\/products\\\/body\\\/interior\\\/tailights-interior\\\/clip-tailights-interior\\\/tailight-clips-2\\\/#breadcrumb\",\"itemListElement\":[{\"@type\":\"ListItem\",\"position\":1,\"name\":\"Home\",\"item\":\"https:\\\/\\\/spgautomotive.com\\\/\"},{\"@type\":\"ListItem\",\"position\":2,\"name\":\"Products\",\"item\":\"https:\\\/\\\/spgautomotive.com\\\/products\\\/\"},{\"@type\":\"ListItem\",\"position\":3,\"name\":\"Tailight Clips\"}]},{\"@type\":\"WebSite\",\"@id\":\"https:\\\/\\\/spgautomotive.com\\\/#website\",\"url\":\"https:\\\/\\\/spgautomotive.com\\\/\",\"name\":\"SPG Automotive\",\"description\":\"\",\"publisher\":{\"@id\":\"https:\\\/\\\/spgautomotive.com\\\/#organization\"},\"potentialAction\":[{\"@type\":\"SearchAction\",\"target\":{\"@type\":\"EntryPoint\",\"urlTemplate\":\"https:\\\/\\\/spgautomotive.com\\\/?s={search_term_string}\"},\"query-input\":{\"@type\":\"PropertyValueSpecification\",\"valueRequired\":true,\"valueName\":\"search_term_string\"}}],\"inLanguage\":\"tr\"},{\"@type\":\"Organization\",\"@id\":\"https:\\\/\\\/spgautomotive.com\\\/#organization\",\"name\":\"SPG Automotive\",\"url\":\"https:\\\/\\\/spgautomotive.com\\\/\",\"logo\":{\"@type\":\"ImageObject\",\"inLanguage\":\"tr\",\"@id\":\"https:\\\/\\\/spgautomotive.com\\\/#\\\/schema\\\/logo\\\/image\\\/\",\"url\":\"https:\\\/\\\/i0.wp.com\\\/spgautomotive.com\\\/wp-content\\\/uploads\\\/spg-215-50.png?fit=215%2C50&ssl=1\",\"contentUrl\":\"https:\\\/\\\/i0.wp.com\\\/spgautomotive.com\\\/wp-content\\\/uploads\\\/spg-215-50.png?fit=215%2C50&ssl=1\",\"width\":215,\"height\":50,\"caption\":\"SPG Automotive\"},\"image\":{\"@id\":\"https:\\\/\\\/spgautomotive.com\\\/#\\\/schema\\\/logo\\\/image\\\/\"}}]}<\/script>\n<!-- \/ Yoast SEO plugin. -->","yoast_head_json":{"title":"Tailight Clips - SPG Automotive","robots":{"index":"index","follow":"follow","max-snippet":"max-snippet:-1","max-image-preview":"max-image-preview:large","max-video-preview":"max-video-preview:-1"},"canonical":"https:\/\/spgautomotive.com\/tr\/products\/body\/interior\/tailights-interior\/clip-tailights-interior\/tailight-clips-2\/","og_locale":"tr_TR","og_type":"article","og_title":"Tailight Clips - SPG Automotive","og_description":"Minimum order quantity of this item is 1 pcs","og_url":"https:\/\/spgautomotive.com\/tr\/products\/body\/interior\/tailights-interior\/clip-tailights-interior\/tailight-clips-2\/","og_site_name":"SPG Automotive","article_modified_time":"2023-10-25T11:45:04+00:00","og_image":[{"width":1800,"height":1200,"url":"https:\/\/spgautomotive.com\/wp-content\/uploads\/SPG004321.jpg","type":"image\/jpeg"}],"twitter_card":"summary_large_image","schema":{"@context":"https:\/\/schema.org","@graph":[{"@type":"WebPage","@id":"https:\/\/spgautomotive.com\/products\/body\/interior\/tailights-interior\/clip-tailights-interior\/tailight-clips-2\/","url":"https:\/\/spgautomotive.com\/products\/body\/interior\/tailights-interior\/clip-tailights-interior\/tailight-clips-2\/","name":"Tailight Clips - SPG Automotive","isPartOf":{"@id":"https:\/\/spgautomotive.com\/#website"},"primaryImageOfPage":{"@id":"https:\/\/spgautomotive.com\/products\/body\/interior\/tailights-interior\/clip-tailights-interior\/tailight-clips-2\/#primaryimage"},"image":{"@id":"https:\/\/spgautomotive.com\/products\/body\/interior\/tailights-interior\/clip-tailights-interior\/tailight-clips-2\/#primaryimage"},"thumbnailUrl":"https:\/\/i0.wp.com\/spgautomotive.com\/wp-content\/uploads\/SPG004321.jpg?fit=1800%2C1200&ssl=1","datePublished":"2023-08-09T11:05:04+00:00","dateModified":"2023-10-25T11:45:04+00:00","breadcrumb":{"@id":"https:\/\/spgautomotive.com\/products\/body\/interior\/tailights-interior\/clip-tailights-interior\/tailight-clips-2\/#breadcrumb"},"inLanguage":"tr","potentialAction":[{"@type":"ReadAction","target":["https:\/\/spgautomotive.com\/products\/body\/interior\/tailights-interior\/clip-tailights-interior\/tailight-clips-2\/"]}]},{"@type":"ImageObject","inLanguage":"tr","@id":"https:\/\/spgautomotive.com\/products\/body\/interior\/tailights-interior\/clip-tailights-interior\/tailight-clips-2\/#primaryimage","url":"https:\/\/i0.wp.com\/spgautomotive.com\/wp-content\/uploads\/SPG004321.jpg?fit=1800%2C1200&ssl=1","contentUrl":"https:\/\/i0.wp.com\/spgautomotive.com\/wp-content\/uploads\/SPG004321.jpg?fit=1800%2C1200&ssl=1","width":1800,"height":1200},{"@type":"BreadcrumbList","@id":"https:\/\/spgautomotive.com\/products\/body\/interior\/tailights-interior\/clip-tailights-interior\/tailight-clips-2\/#breadcrumb","itemListElement":[{"@type":"ListItem","position":1,"name":"Home","item":"https:\/\/spgautomotive.com\/"},{"@type":"ListItem","position":2,"name":"Products","item":"https:\/\/spgautomotive.com\/products\/"},{"@type":"ListItem","position":3,"name":"Tailight Clips"}]},{"@type":"WebSite","@id":"https:\/\/spgautomotive.com\/#website","url":"https:\/\/spgautomotive.com\/","name":"SPG Automotive","description":"","publisher":{"@id":"https:\/\/spgautomotive.com\/#organization"},"potentialAction":[{"@type":"SearchAction","target":{"@type":"EntryPoint","urlTemplate":"https:\/\/spgautomotive.com\/?s={search_term_string}"},"query-input":{"@type":"PropertyValueSpecification","valueRequired":true,"valueName":"search_term_string"}}],"inLanguage":"tr"},{"@type":"Organization","@id":"https:\/\/spgautomotive.com\/#organization","name":"SPG Automotive","url":"https:\/\/spgautomotive.com\/","logo":{"@type":"ImageObject","inLanguage":"tr","@id":"https:\/\/spgautomotive.com\/#\/schema\/logo\/image\/","url":"https:\/\/i0.wp.com\/spgautomotive.com\/wp-content\/uploads\/spg-215-50.png?fit=215%2C50&ssl=1","contentUrl":"https:\/\/i0.wp.com\/spgautomotive.com\/wp-content\/uploads\/spg-215-50.png?fit=215%2C50&ssl=1","width":215,"height":50,"caption":"SPG Automotive"},"image":{"@id":"https:\/\/spgautomotive.com\/#\/schema\/logo\/image\/"}}]}},"jetpack_sharing_enabled":true,"_links":{"self":[{"href":"https:\/\/spgautomotive.com\/tr\/wp-json\/wp\/v2\/product\/13152","targetHints":{"allow":["GET"]}}],"collection":[{"href":"https:\/\/spgautomotive.com\/tr\/wp-json\/wp\/v2\/product"}],"about":[{"href":"https:\/\/spgautomotive.com\/tr\/wp-json\/wp\/v2\/types\/product"}],"wp:featuredmedia":[{"embeddable":true,"href":"https:\/\/spgautomotive.com\/tr\/wp-json\/wp\/v2\/media\/8274"}],"wp:attachment":[{"href":"https:\/\/spgautomotive.com\/tr\/wp-json\/wp\/v2\/media?parent=13152"}],"wp:term":[{"taxonomy":"product_brand","embeddable":true,"href":"https:\/\/spgautomotive.com\/tr\/wp-json\/wp\/v2\/product_brand?post=13152"},{"taxonomy":"product_cat","embeddable":true,"href":"https:\/\/spgautomotive.com\/tr\/wp-json\/wp\/v2\/product_cat?post=13152"},{"taxonomy":"product_tag","embeddable":true,"href":"https:\/\/spgautomotive.com\/tr\/wp-json\/wp\/v2\/product_tag?post=13152"}],"curies":[{"name":"wp","href":"https:\/\/api.w.org\/{rel}","templated":true}]}}