{"id":13113,"date":"2023-08-09T11:05:02","date_gmt":"2023-08-09T11:05:02","guid":{"rendered":"https:\/\/spgautomotive.com\/?product=shifting-rod-pin-lock"},"modified":"2023-10-25T11:44:58","modified_gmt":"2023-10-25T11:44:58","slug":"shifting-rod-pin-lock","status":"publish","type":"product","link":"https:\/\/spgautomotive.com\/tr\/products\/engine\/gearbox\/gear-stick\/bushings\/shifting-rod-pin-lock\/","title":{"rendered":"Vites \u00c7ubu\u011fu Pim Kilidi"},"content":{"rendered":"<p>SPG004282 , A0009944160, 7703080096, 92152112, 856563  , MERCEDES | RENAULT | SAAB | OPEL , 0<\/p>","protected":false},"excerpt":{"rendered":"<p>Bu \u00fcr\u00fcn i\u00e7in minimum sipari\u015f adedi 1 adettir<\/p>","protected":false},"featured_media":8235,"template":"","meta":{"_acf_changed":false,"jetpack_post_was_ever_published":false},"product_brand":[],"product_cat":[5451],"product_tag":[3791,3793,3792,3790],"class_list":{"0":"post-13113","1":"product","2":"type-product","3":"status-publish","4":"has-post-thumbnail","6":"product_cat-bushings","7":"product_tag-3791","8":"product_tag-3793","9":"product_tag-3792","10":"product_tag-a0009944160","11":"pa_brand-mercedes","12":"pa_brand-opel","13":"pa_brand-renault","14":"pa_brand-saab","15":"pa_categories-bushings","16":"pa_oem-11492","17":"pa_oem-11494","18":"pa_oem-11493","19":"pa_oem-a0009944160","21":"first","22":"instock","23":"taxable","24":"shipping-taxable","25":"product-type-simple"},"acf":[],"yoast_head":"<!-- This site is optimized with the Yoast SEO plugin v27.3 - https:\/\/yoast.com\/product\/yoast-seo-wordpress\/ -->\n<title>Shifting Rod Pin Lock - SPG Automotive<\/title>\n<meta name=\"robots\" content=\"index, follow, max-snippet:-1, max-image-preview:large, max-video-preview:-1\" \/>\n<link rel=\"canonical\" href=\"https:\/\/spgautomotive.com\/tr\/products\/engine\/gearbox\/gear-stick\/bushings\/shifting-rod-pin-lock\/\" \/>\n<meta property=\"og:locale\" content=\"tr_TR\" \/>\n<meta property=\"og:type\" content=\"article\" \/>\n<meta property=\"og:title\" content=\"Shifting Rod Pin Lock - SPG Automotive\" \/>\n<meta property=\"og:description\" content=\"Minimum order quantity of this item is 1 pcs\" \/>\n<meta property=\"og:url\" content=\"https:\/\/spgautomotive.com\/tr\/products\/engine\/gearbox\/gear-stick\/bushings\/shifting-rod-pin-lock\/\" \/>\n<meta property=\"og:site_name\" content=\"SPG Automotive\" \/>\n<meta property=\"article:modified_time\" content=\"2023-10-25T11:44:58+00:00\" \/>\n<meta property=\"og:image\" content=\"https:\/\/spgautomotive.com\/wp-content\/uploads\/SPG004282.jpg\" \/>\n\t<meta property=\"og:image:width\" content=\"818\" \/>\n\t<meta property=\"og:image:height\" content=\"560\" \/>\n\t<meta property=\"og:image:type\" content=\"image\/jpeg\" \/>\n<meta name=\"twitter:card\" content=\"summary_large_image\" \/>\n<script type=\"application\/ld+json\" class=\"yoast-schema-graph\">{\"@context\":\"https:\\\/\\\/schema.org\",\"@graph\":[{\"@type\":\"WebPage\",\"@id\":\"https:\\\/\\\/spgautomotive.com\\\/products\\\/engine\\\/gearbox\\\/gear-stick\\\/bushings\\\/shifting-rod-pin-lock\\\/\",\"url\":\"https:\\\/\\\/spgautomotive.com\\\/products\\\/engine\\\/gearbox\\\/gear-stick\\\/bushings\\\/shifting-rod-pin-lock\\\/\",\"name\":\"Shifting Rod Pin Lock - SPG Automotive\",\"isPartOf\":{\"@id\":\"https:\\\/\\\/spgautomotive.com\\\/#website\"},\"primaryImageOfPage\":{\"@id\":\"https:\\\/\\\/spgautomotive.com\\\/products\\\/engine\\\/gearbox\\\/gear-stick\\\/bushings\\\/shifting-rod-pin-lock\\\/#primaryimage\"},\"image\":{\"@id\":\"https:\\\/\\\/spgautomotive.com\\\/products\\\/engine\\\/gearbox\\\/gear-stick\\\/bushings\\\/shifting-rod-pin-lock\\\/#primaryimage\"},\"thumbnailUrl\":\"https:\\\/\\\/i0.wp.com\\\/spgautomotive.com\\\/wp-content\\\/uploads\\\/SPG004282.jpg?fit=818%2C560&ssl=1\",\"datePublished\":\"2023-08-09T11:05:02+00:00\",\"dateModified\":\"2023-10-25T11:44:58+00:00\",\"breadcrumb\":{\"@id\":\"https:\\\/\\\/spgautomotive.com\\\/products\\\/engine\\\/gearbox\\\/gear-stick\\\/bushings\\\/shifting-rod-pin-lock\\\/#breadcrumb\"},\"inLanguage\":\"tr\",\"potentialAction\":[{\"@type\":\"ReadAction\",\"target\":[\"https:\\\/\\\/spgautomotive.com\\\/products\\\/engine\\\/gearbox\\\/gear-stick\\\/bushings\\\/shifting-rod-pin-lock\\\/\"]}]},{\"@type\":\"ImageObject\",\"inLanguage\":\"tr\",\"@id\":\"https:\\\/\\\/spgautomotive.com\\\/products\\\/engine\\\/gearbox\\\/gear-stick\\\/bushings\\\/shifting-rod-pin-lock\\\/#primaryimage\",\"url\":\"https:\\\/\\\/i0.wp.com\\\/spgautomotive.com\\\/wp-content\\\/uploads\\\/SPG004282.jpg?fit=818%2C560&ssl=1\",\"contentUrl\":\"https:\\\/\\\/i0.wp.com\\\/spgautomotive.com\\\/wp-content\\\/uploads\\\/SPG004282.jpg?fit=818%2C560&ssl=1\",\"width\":818,\"height\":560},{\"@type\":\"BreadcrumbList\",\"@id\":\"https:\\\/\\\/spgautomotive.com\\\/products\\\/engine\\\/gearbox\\\/gear-stick\\\/bushings\\\/shifting-rod-pin-lock\\\/#breadcrumb\",\"itemListElement\":[{\"@type\":\"ListItem\",\"position\":1,\"name\":\"Home\",\"item\":\"https:\\\/\\\/spgautomotive.com\\\/\"},{\"@type\":\"ListItem\",\"position\":2,\"name\":\"Products\",\"item\":\"https:\\\/\\\/spgautomotive.com\\\/products\\\/\"},{\"@type\":\"ListItem\",\"position\":3,\"name\":\"Shifting Rod Pin Lock\"}]},{\"@type\":\"WebSite\",\"@id\":\"https:\\\/\\\/spgautomotive.com\\\/#website\",\"url\":\"https:\\\/\\\/spgautomotive.com\\\/\",\"name\":\"SPG Automotive\",\"description\":\"\",\"publisher\":{\"@id\":\"https:\\\/\\\/spgautomotive.com\\\/#organization\"},\"potentialAction\":[{\"@type\":\"SearchAction\",\"target\":{\"@type\":\"EntryPoint\",\"urlTemplate\":\"https:\\\/\\\/spgautomotive.com\\\/?s={search_term_string}\"},\"query-input\":{\"@type\":\"PropertyValueSpecification\",\"valueRequired\":true,\"valueName\":\"search_term_string\"}}],\"inLanguage\":\"tr\"},{\"@type\":\"Organization\",\"@id\":\"https:\\\/\\\/spgautomotive.com\\\/#organization\",\"name\":\"SPG Automotive\",\"url\":\"https:\\\/\\\/spgautomotive.com\\\/\",\"logo\":{\"@type\":\"ImageObject\",\"inLanguage\":\"tr\",\"@id\":\"https:\\\/\\\/spgautomotive.com\\\/#\\\/schema\\\/logo\\\/image\\\/\",\"url\":\"https:\\\/\\\/i0.wp.com\\\/spgautomotive.com\\\/wp-content\\\/uploads\\\/spg-215-50.png?fit=215%2C50&ssl=1\",\"contentUrl\":\"https:\\\/\\\/i0.wp.com\\\/spgautomotive.com\\\/wp-content\\\/uploads\\\/spg-215-50.png?fit=215%2C50&ssl=1\",\"width\":215,\"height\":50,\"caption\":\"SPG Automotive\"},\"image\":{\"@id\":\"https:\\\/\\\/spgautomotive.com\\\/#\\\/schema\\\/logo\\\/image\\\/\"}}]}<\/script>\n<!-- \/ Yoast SEO plugin. -->","yoast_head_json":{"title":"Shifting Rod Pin Lock - SPG Automotive","robots":{"index":"index","follow":"follow","max-snippet":"max-snippet:-1","max-image-preview":"max-image-preview:large","max-video-preview":"max-video-preview:-1"},"canonical":"https:\/\/spgautomotive.com\/tr\/products\/engine\/gearbox\/gear-stick\/bushings\/shifting-rod-pin-lock\/","og_locale":"tr_TR","og_type":"article","og_title":"Shifting Rod Pin Lock - SPG Automotive","og_description":"Minimum order quantity of this item is 1 pcs","og_url":"https:\/\/spgautomotive.com\/tr\/products\/engine\/gearbox\/gear-stick\/bushings\/shifting-rod-pin-lock\/","og_site_name":"SPG Automotive","article_modified_time":"2023-10-25T11:44:58+00:00","og_image":[{"width":818,"height":560,"url":"https:\/\/spgautomotive.com\/wp-content\/uploads\/SPG004282.jpg","type":"image\/jpeg"}],"twitter_card":"summary_large_image","schema":{"@context":"https:\/\/schema.org","@graph":[{"@type":"WebPage","@id":"https:\/\/spgautomotive.com\/products\/engine\/gearbox\/gear-stick\/bushings\/shifting-rod-pin-lock\/","url":"https:\/\/spgautomotive.com\/products\/engine\/gearbox\/gear-stick\/bushings\/shifting-rod-pin-lock\/","name":"Shifting Rod Pin Lock - SPG Automotive","isPartOf":{"@id":"https:\/\/spgautomotive.com\/#website"},"primaryImageOfPage":{"@id":"https:\/\/spgautomotive.com\/products\/engine\/gearbox\/gear-stick\/bushings\/shifting-rod-pin-lock\/#primaryimage"},"image":{"@id":"https:\/\/spgautomotive.com\/products\/engine\/gearbox\/gear-stick\/bushings\/shifting-rod-pin-lock\/#primaryimage"},"thumbnailUrl":"https:\/\/i0.wp.com\/spgautomotive.com\/wp-content\/uploads\/SPG004282.jpg?fit=818%2C560&ssl=1","datePublished":"2023-08-09T11:05:02+00:00","dateModified":"2023-10-25T11:44:58+00:00","breadcrumb":{"@id":"https:\/\/spgautomotive.com\/products\/engine\/gearbox\/gear-stick\/bushings\/shifting-rod-pin-lock\/#breadcrumb"},"inLanguage":"tr","potentialAction":[{"@type":"ReadAction","target":["https:\/\/spgautomotive.com\/products\/engine\/gearbox\/gear-stick\/bushings\/shifting-rod-pin-lock\/"]}]},{"@type":"ImageObject","inLanguage":"tr","@id":"https:\/\/spgautomotive.com\/products\/engine\/gearbox\/gear-stick\/bushings\/shifting-rod-pin-lock\/#primaryimage","url":"https:\/\/i0.wp.com\/spgautomotive.com\/wp-content\/uploads\/SPG004282.jpg?fit=818%2C560&ssl=1","contentUrl":"https:\/\/i0.wp.com\/spgautomotive.com\/wp-content\/uploads\/SPG004282.jpg?fit=818%2C560&ssl=1","width":818,"height":560},{"@type":"BreadcrumbList","@id":"https:\/\/spgautomotive.com\/products\/engine\/gearbox\/gear-stick\/bushings\/shifting-rod-pin-lock\/#breadcrumb","itemListElement":[{"@type":"ListItem","position":1,"name":"Home","item":"https:\/\/spgautomotive.com\/"},{"@type":"ListItem","position":2,"name":"Products","item":"https:\/\/spgautomotive.com\/products\/"},{"@type":"ListItem","position":3,"name":"Shifting Rod Pin Lock"}]},{"@type":"WebSite","@id":"https:\/\/spgautomotive.com\/#website","url":"https:\/\/spgautomotive.com\/","name":"SPG Automotive","description":"","publisher":{"@id":"https:\/\/spgautomotive.com\/#organization"},"potentialAction":[{"@type":"SearchAction","target":{"@type":"EntryPoint","urlTemplate":"https:\/\/spgautomotive.com\/?s={search_term_string}"},"query-input":{"@type":"PropertyValueSpecification","valueRequired":true,"valueName":"search_term_string"}}],"inLanguage":"tr"},{"@type":"Organization","@id":"https:\/\/spgautomotive.com\/#organization","name":"SPG Automotive","url":"https:\/\/spgautomotive.com\/","logo":{"@type":"ImageObject","inLanguage":"tr","@id":"https:\/\/spgautomotive.com\/#\/schema\/logo\/image\/","url":"https:\/\/i0.wp.com\/spgautomotive.com\/wp-content\/uploads\/spg-215-50.png?fit=215%2C50&ssl=1","contentUrl":"https:\/\/i0.wp.com\/spgautomotive.com\/wp-content\/uploads\/spg-215-50.png?fit=215%2C50&ssl=1","width":215,"height":50,"caption":"SPG Automotive"},"image":{"@id":"https:\/\/spgautomotive.com\/#\/schema\/logo\/image\/"}}]}},"jetpack_sharing_enabled":true,"_links":{"self":[{"href":"https:\/\/spgautomotive.com\/tr\/wp-json\/wp\/v2\/product\/13113","targetHints":{"allow":["GET"]}}],"collection":[{"href":"https:\/\/spgautomotive.com\/tr\/wp-json\/wp\/v2\/product"}],"about":[{"href":"https:\/\/spgautomotive.com\/tr\/wp-json\/wp\/v2\/types\/product"}],"wp:featuredmedia":[{"embeddable":true,"href":"https:\/\/spgautomotive.com\/tr\/wp-json\/wp\/v2\/media\/8235"}],"wp:attachment":[{"href":"https:\/\/spgautomotive.com\/tr\/wp-json\/wp\/v2\/media?parent=13113"}],"wp:term":[{"taxonomy":"product_brand","embeddable":true,"href":"https:\/\/spgautomotive.com\/tr\/wp-json\/wp\/v2\/product_brand?post=13113"},{"taxonomy":"product_cat","embeddable":true,"href":"https:\/\/spgautomotive.com\/tr\/wp-json\/wp\/v2\/product_cat?post=13113"},{"taxonomy":"product_tag","embeddable":true,"href":"https:\/\/spgautomotive.com\/tr\/wp-json\/wp\/v2\/product_tag?post=13113"}],"curies":[{"name":"wp","href":"https:\/\/api.w.org\/{rel}","templated":true}]}}