{"id":13025,"date":"2023-08-09T11:04:57","date_gmt":"2023-08-09T11:04:57","guid":{"rendered":"https:\/\/spgautomotive.com\/?product=multi-puspose-clip-3"},"modified":"2023-10-25T11:44:46","modified_gmt":"2023-10-25T11:44:46","slug":"multi-puspose-clip-3","status":"publish","type":"product","link":"https:\/\/spgautomotive.com\/tr\/products\/body\/exterior\/clip-exterior\/multi-puspose-clip-3\/","title":{"rendered":"\u00c7ok Ama\u00e7l\u0131 Klips"},"content":{"rendered":"<p>SPG004194 , N803946S, 96Fg16K26Aa, 6502871, 6L0121136, AWR3994 , FORD | CHRYSLER | VOLKSWAGEN , 0<\/p>","protected":false},"excerpt":{"rendered":"<p>Bu \u00fcr\u00fcn i\u00e7in minimum sipari\u015f adedi 1 adettir<\/p>","protected":false},"featured_media":8147,"template":"","meta":{"_acf_changed":false,"jetpack_post_was_ever_published":false},"product_brand":[],"product_cat":[5686],"product_tag":[3681,3682,3680,3683,3679],"class_list":{"0":"post-13025","1":"product","2":"type-product","3":"status-publish","4":"has-post-thumbnail","6":"product_cat-clip-exterior","7":"product_tag-3681","8":"product_tag-6l0121136","9":"product_tag-96fg16k26aa","10":"product_tag-awr3994","11":"product_tag-n803946s","12":"pa_brand-chrysler","13":"pa_brand-ford","14":"pa_brand-volkswagen","15":"pa_categories-clip","16":"pa_color-black","17":"pa_oem-11364","18":"pa_oem-6l0121136","19":"pa_oem-96fg16k26aa","20":"pa_oem-awr3994","21":"pa_oem-n803946s","23":"first","24":"instock","25":"taxable","26":"shipping-taxable","27":"product-type-simple"},"acf":[],"yoast_head":"<!-- This site is optimized with the Yoast SEO plugin v27.3 - https:\/\/yoast.com\/product\/yoast-seo-wordpress\/ -->\n<title>Multi Puspose Clip - SPG Automotive<\/title>\n<meta name=\"robots\" content=\"index, follow, max-snippet:-1, max-image-preview:large, max-video-preview:-1\" \/>\n<link rel=\"canonical\" href=\"https:\/\/spgautomotive.com\/tr\/products\/body\/exterior\/clip-exterior\/multi-puspose-clip-3\/\" \/>\n<meta property=\"og:locale\" content=\"tr_TR\" \/>\n<meta property=\"og:type\" content=\"article\" \/>\n<meta property=\"og:title\" content=\"Multi Puspose Clip - SPG Automotive\" \/>\n<meta property=\"og:description\" content=\"Minimum order quantity of this item is 1 pcs\" \/>\n<meta property=\"og:url\" content=\"https:\/\/spgautomotive.com\/tr\/products\/body\/exterior\/clip-exterior\/multi-puspose-clip-3\/\" \/>\n<meta property=\"og:site_name\" content=\"SPG Automotive\" \/>\n<meta property=\"article:modified_time\" content=\"2023-10-25T11:44:46+00:00\" \/>\n<meta property=\"og:image\" content=\"https:\/\/spgautomotive.com\/wp-content\/uploads\/SPG004194.jpg\" \/>\n\t<meta property=\"og:image:width\" content=\"1411\" \/>\n\t<meta property=\"og:image:height\" content=\"1071\" \/>\n\t<meta property=\"og:image:type\" content=\"image\/jpeg\" \/>\n<meta name=\"twitter:card\" content=\"summary_large_image\" \/>\n<script type=\"application\/ld+json\" class=\"yoast-schema-graph\">{\"@context\":\"https:\\\/\\\/schema.org\",\"@graph\":[{\"@type\":\"WebPage\",\"@id\":\"https:\\\/\\\/spgautomotive.com\\\/products\\\/body\\\/exterior\\\/clip-exterior\\\/multi-puspose-clip-3\\\/\",\"url\":\"https:\\\/\\\/spgautomotive.com\\\/products\\\/body\\\/exterior\\\/clip-exterior\\\/multi-puspose-clip-3\\\/\",\"name\":\"Multi Puspose Clip - SPG Automotive\",\"isPartOf\":{\"@id\":\"https:\\\/\\\/spgautomotive.com\\\/#website\"},\"primaryImageOfPage\":{\"@id\":\"https:\\\/\\\/spgautomotive.com\\\/products\\\/body\\\/exterior\\\/clip-exterior\\\/multi-puspose-clip-3\\\/#primaryimage\"},\"image\":{\"@id\":\"https:\\\/\\\/spgautomotive.com\\\/products\\\/body\\\/exterior\\\/clip-exterior\\\/multi-puspose-clip-3\\\/#primaryimage\"},\"thumbnailUrl\":\"https:\\\/\\\/i0.wp.com\\\/spgautomotive.com\\\/wp-content\\\/uploads\\\/SPG004194.jpg?fit=1411%2C1071&ssl=1\",\"datePublished\":\"2023-08-09T11:04:57+00:00\",\"dateModified\":\"2023-10-25T11:44:46+00:00\",\"breadcrumb\":{\"@id\":\"https:\\\/\\\/spgautomotive.com\\\/products\\\/body\\\/exterior\\\/clip-exterior\\\/multi-puspose-clip-3\\\/#breadcrumb\"},\"inLanguage\":\"tr\",\"potentialAction\":[{\"@type\":\"ReadAction\",\"target\":[\"https:\\\/\\\/spgautomotive.com\\\/products\\\/body\\\/exterior\\\/clip-exterior\\\/multi-puspose-clip-3\\\/\"]}]},{\"@type\":\"ImageObject\",\"inLanguage\":\"tr\",\"@id\":\"https:\\\/\\\/spgautomotive.com\\\/products\\\/body\\\/exterior\\\/clip-exterior\\\/multi-puspose-clip-3\\\/#primaryimage\",\"url\":\"https:\\\/\\\/i0.wp.com\\\/spgautomotive.com\\\/wp-content\\\/uploads\\\/SPG004194.jpg?fit=1411%2C1071&ssl=1\",\"contentUrl\":\"https:\\\/\\\/i0.wp.com\\\/spgautomotive.com\\\/wp-content\\\/uploads\\\/SPG004194.jpg?fit=1411%2C1071&ssl=1\",\"width\":1411,\"height\":1071},{\"@type\":\"BreadcrumbList\",\"@id\":\"https:\\\/\\\/spgautomotive.com\\\/products\\\/body\\\/exterior\\\/clip-exterior\\\/multi-puspose-clip-3\\\/#breadcrumb\",\"itemListElement\":[{\"@type\":\"ListItem\",\"position\":1,\"name\":\"Home\",\"item\":\"https:\\\/\\\/spgautomotive.com\\\/\"},{\"@type\":\"ListItem\",\"position\":2,\"name\":\"Products\",\"item\":\"https:\\\/\\\/spgautomotive.com\\\/products\\\/\"},{\"@type\":\"ListItem\",\"position\":3,\"name\":\"Multi Puspose Clip\"}]},{\"@type\":\"WebSite\",\"@id\":\"https:\\\/\\\/spgautomotive.com\\\/#website\",\"url\":\"https:\\\/\\\/spgautomotive.com\\\/\",\"name\":\"SPG Automotive\",\"description\":\"\",\"publisher\":{\"@id\":\"https:\\\/\\\/spgautomotive.com\\\/#organization\"},\"potentialAction\":[{\"@type\":\"SearchAction\",\"target\":{\"@type\":\"EntryPoint\",\"urlTemplate\":\"https:\\\/\\\/spgautomotive.com\\\/?s={search_term_string}\"},\"query-input\":{\"@type\":\"PropertyValueSpecification\",\"valueRequired\":true,\"valueName\":\"search_term_string\"}}],\"inLanguage\":\"tr\"},{\"@type\":\"Organization\",\"@id\":\"https:\\\/\\\/spgautomotive.com\\\/#organization\",\"name\":\"SPG Automotive\",\"url\":\"https:\\\/\\\/spgautomotive.com\\\/\",\"logo\":{\"@type\":\"ImageObject\",\"inLanguage\":\"tr\",\"@id\":\"https:\\\/\\\/spgautomotive.com\\\/#\\\/schema\\\/logo\\\/image\\\/\",\"url\":\"https:\\\/\\\/i0.wp.com\\\/spgautomotive.com\\\/wp-content\\\/uploads\\\/spg-215-50.png?fit=215%2C50&ssl=1\",\"contentUrl\":\"https:\\\/\\\/i0.wp.com\\\/spgautomotive.com\\\/wp-content\\\/uploads\\\/spg-215-50.png?fit=215%2C50&ssl=1\",\"width\":215,\"height\":50,\"caption\":\"SPG Automotive\"},\"image\":{\"@id\":\"https:\\\/\\\/spgautomotive.com\\\/#\\\/schema\\\/logo\\\/image\\\/\"}}]}<\/script>\n<!-- \/ Yoast SEO plugin. -->","yoast_head_json":{"title":"Multi Puspose Clip - SPG Automotive","robots":{"index":"index","follow":"follow","max-snippet":"max-snippet:-1","max-image-preview":"max-image-preview:large","max-video-preview":"max-video-preview:-1"},"canonical":"https:\/\/spgautomotive.com\/tr\/products\/body\/exterior\/clip-exterior\/multi-puspose-clip-3\/","og_locale":"tr_TR","og_type":"article","og_title":"Multi Puspose Clip - SPG Automotive","og_description":"Minimum order quantity of this item is 1 pcs","og_url":"https:\/\/spgautomotive.com\/tr\/products\/body\/exterior\/clip-exterior\/multi-puspose-clip-3\/","og_site_name":"SPG Automotive","article_modified_time":"2023-10-25T11:44:46+00:00","og_image":[{"width":1411,"height":1071,"url":"https:\/\/spgautomotive.com\/wp-content\/uploads\/SPG004194.jpg","type":"image\/jpeg"}],"twitter_card":"summary_large_image","schema":{"@context":"https:\/\/schema.org","@graph":[{"@type":"WebPage","@id":"https:\/\/spgautomotive.com\/products\/body\/exterior\/clip-exterior\/multi-puspose-clip-3\/","url":"https:\/\/spgautomotive.com\/products\/body\/exterior\/clip-exterior\/multi-puspose-clip-3\/","name":"Multi Puspose Clip - SPG Automotive","isPartOf":{"@id":"https:\/\/spgautomotive.com\/#website"},"primaryImageOfPage":{"@id":"https:\/\/spgautomotive.com\/products\/body\/exterior\/clip-exterior\/multi-puspose-clip-3\/#primaryimage"},"image":{"@id":"https:\/\/spgautomotive.com\/products\/body\/exterior\/clip-exterior\/multi-puspose-clip-3\/#primaryimage"},"thumbnailUrl":"https:\/\/i0.wp.com\/spgautomotive.com\/wp-content\/uploads\/SPG004194.jpg?fit=1411%2C1071&ssl=1","datePublished":"2023-08-09T11:04:57+00:00","dateModified":"2023-10-25T11:44:46+00:00","breadcrumb":{"@id":"https:\/\/spgautomotive.com\/products\/body\/exterior\/clip-exterior\/multi-puspose-clip-3\/#breadcrumb"},"inLanguage":"tr","potentialAction":[{"@type":"ReadAction","target":["https:\/\/spgautomotive.com\/products\/body\/exterior\/clip-exterior\/multi-puspose-clip-3\/"]}]},{"@type":"ImageObject","inLanguage":"tr","@id":"https:\/\/spgautomotive.com\/products\/body\/exterior\/clip-exterior\/multi-puspose-clip-3\/#primaryimage","url":"https:\/\/i0.wp.com\/spgautomotive.com\/wp-content\/uploads\/SPG004194.jpg?fit=1411%2C1071&ssl=1","contentUrl":"https:\/\/i0.wp.com\/spgautomotive.com\/wp-content\/uploads\/SPG004194.jpg?fit=1411%2C1071&ssl=1","width":1411,"height":1071},{"@type":"BreadcrumbList","@id":"https:\/\/spgautomotive.com\/products\/body\/exterior\/clip-exterior\/multi-puspose-clip-3\/#breadcrumb","itemListElement":[{"@type":"ListItem","position":1,"name":"Home","item":"https:\/\/spgautomotive.com\/"},{"@type":"ListItem","position":2,"name":"Products","item":"https:\/\/spgautomotive.com\/products\/"},{"@type":"ListItem","position":3,"name":"Multi Puspose Clip"}]},{"@type":"WebSite","@id":"https:\/\/spgautomotive.com\/#website","url":"https:\/\/spgautomotive.com\/","name":"SPG Automotive","description":"","publisher":{"@id":"https:\/\/spgautomotive.com\/#organization"},"potentialAction":[{"@type":"SearchAction","target":{"@type":"EntryPoint","urlTemplate":"https:\/\/spgautomotive.com\/?s={search_term_string}"},"query-input":{"@type":"PropertyValueSpecification","valueRequired":true,"valueName":"search_term_string"}}],"inLanguage":"tr"},{"@type":"Organization","@id":"https:\/\/spgautomotive.com\/#organization","name":"SPG Automotive","url":"https:\/\/spgautomotive.com\/","logo":{"@type":"ImageObject","inLanguage":"tr","@id":"https:\/\/spgautomotive.com\/#\/schema\/logo\/image\/","url":"https:\/\/i0.wp.com\/spgautomotive.com\/wp-content\/uploads\/spg-215-50.png?fit=215%2C50&ssl=1","contentUrl":"https:\/\/i0.wp.com\/spgautomotive.com\/wp-content\/uploads\/spg-215-50.png?fit=215%2C50&ssl=1","width":215,"height":50,"caption":"SPG Automotive"},"image":{"@id":"https:\/\/spgautomotive.com\/#\/schema\/logo\/image\/"}}]}},"jetpack_sharing_enabled":true,"_links":{"self":[{"href":"https:\/\/spgautomotive.com\/tr\/wp-json\/wp\/v2\/product\/13025","targetHints":{"allow":["GET"]}}],"collection":[{"href":"https:\/\/spgautomotive.com\/tr\/wp-json\/wp\/v2\/product"}],"about":[{"href":"https:\/\/spgautomotive.com\/tr\/wp-json\/wp\/v2\/types\/product"}],"wp:featuredmedia":[{"embeddable":true,"href":"https:\/\/spgautomotive.com\/tr\/wp-json\/wp\/v2\/media\/8147"}],"wp:attachment":[{"href":"https:\/\/spgautomotive.com\/tr\/wp-json\/wp\/v2\/media?parent=13025"}],"wp:term":[{"taxonomy":"product_brand","embeddable":true,"href":"https:\/\/spgautomotive.com\/tr\/wp-json\/wp\/v2\/product_brand?post=13025"},{"taxonomy":"product_cat","embeddable":true,"href":"https:\/\/spgautomotive.com\/tr\/wp-json\/wp\/v2\/product_cat?post=13025"},{"taxonomy":"product_tag","embeddable":true,"href":"https:\/\/spgautomotive.com\/tr\/wp-json\/wp\/v2\/product_tag?post=13025"}],"curies":[{"name":"wp","href":"https:\/\/api.w.org\/{rel}","templated":true}]}}