{"id":12871,"date":"2023-08-09T11:04:49","date_gmt":"2023-08-09T11:04:49","guid":{"rendered":"https:\/\/spgautomotive.com\/?product=windshield-cowl-top-panel-grille-nut"},"modified":"2023-10-25T11:44:25","modified_gmt":"2023-10-25T11:44:25","slug":"windshield-cowl-top-panel-grille-nut","status":"publish","type":"product","link":"https:\/\/spgautomotive.com\/tr\/products\/body\/exterior\/cowl-panel\/clip-cowl-panel\/windshield-cowl-top-panel-grille-nut\/","title":{"rendered":"\u00d6n Cam Kaporta \u00dcst Panel Izgaras\u0131 Somunu"},"content":{"rendered":"<p>SPG004040 , 15596280, 6035274 , CHRYSLER | GM , 0<\/p>","protected":false},"excerpt":{"rendered":"<p>Bu \u00fcr\u00fcn i\u00e7in minimum sipari\u015f adedi 1 adettir<\/p>","protected":false},"featured_media":7992,"template":"","meta":{"_acf_changed":false,"jetpack_post_was_ever_published":false},"product_brand":[],"product_cat":[5646],"product_tag":[3497,3498],"class_list":{"0":"post-12871","1":"product","2":"type-product","3":"status-publish","4":"has-post-thumbnail","6":"product_cat-clip-cowl-panel","7":"product_tag-3497","8":"product_tag-3498","9":"pa_brand-chrysler","10":"pa_brand-gm","11":"pa_categories-clip","12":"pa_color-black","13":"pa_oem-11139","14":"pa_oem-11140","16":"first","17":"instock","18":"taxable","19":"shipping-taxable","20":"product-type-simple"},"acf":[],"yoast_head":"<!-- This site is optimized with the Yoast SEO plugin v27.3 - https:\/\/yoast.com\/product\/yoast-seo-wordpress\/ -->\n<title>Windshield Cowl Top Panel Grille Nut - SPG Automotive<\/title>\n<meta name=\"robots\" content=\"index, follow, max-snippet:-1, max-image-preview:large, max-video-preview:-1\" \/>\n<link rel=\"canonical\" href=\"https:\/\/spgautomotive.com\/tr\/products\/body\/exterior\/cowl-panel\/clip-cowl-panel\/windshield-cowl-top-panel-grille-nut\/\" \/>\n<meta property=\"og:locale\" content=\"tr_TR\" \/>\n<meta property=\"og:type\" content=\"article\" \/>\n<meta property=\"og:title\" content=\"Windshield Cowl Top Panel Grille Nut - SPG Automotive\" \/>\n<meta property=\"og:description\" content=\"Minimum order quantity of this item is 1 pcs\" \/>\n<meta property=\"og:url\" content=\"https:\/\/spgautomotive.com\/tr\/products\/body\/exterior\/cowl-panel\/clip-cowl-panel\/windshield-cowl-top-panel-grille-nut\/\" \/>\n<meta property=\"og:site_name\" content=\"SPG Automotive\" \/>\n<meta property=\"article:modified_time\" content=\"2023-10-25T11:44:25+00:00\" \/>\n<meta property=\"og:image\" content=\"https:\/\/spgautomotive.com\/wp-content\/uploads\/SPG004040.jpg\" \/>\n\t<meta property=\"og:image:width\" content=\"500\" \/>\n\t<meta property=\"og:image:height\" content=\"400\" \/>\n\t<meta property=\"og:image:type\" content=\"image\/jpeg\" \/>\n<meta name=\"twitter:card\" content=\"summary_large_image\" \/>\n<script type=\"application\/ld+json\" class=\"yoast-schema-graph\">{\"@context\":\"https:\\\/\\\/schema.org\",\"@graph\":[{\"@type\":\"WebPage\",\"@id\":\"https:\\\/\\\/spgautomotive.com\\\/products\\\/body\\\/exterior\\\/cowl-panel\\\/clip-cowl-panel\\\/windshield-cowl-top-panel-grille-nut\\\/\",\"url\":\"https:\\\/\\\/spgautomotive.com\\\/products\\\/body\\\/exterior\\\/cowl-panel\\\/clip-cowl-panel\\\/windshield-cowl-top-panel-grille-nut\\\/\",\"name\":\"Windshield Cowl Top Panel Grille Nut - SPG Automotive\",\"isPartOf\":{\"@id\":\"https:\\\/\\\/spgautomotive.com\\\/#website\"},\"primaryImageOfPage\":{\"@id\":\"https:\\\/\\\/spgautomotive.com\\\/products\\\/body\\\/exterior\\\/cowl-panel\\\/clip-cowl-panel\\\/windshield-cowl-top-panel-grille-nut\\\/#primaryimage\"},\"image\":{\"@id\":\"https:\\\/\\\/spgautomotive.com\\\/products\\\/body\\\/exterior\\\/cowl-panel\\\/clip-cowl-panel\\\/windshield-cowl-top-panel-grille-nut\\\/#primaryimage\"},\"thumbnailUrl\":\"https:\\\/\\\/i0.wp.com\\\/spgautomotive.com\\\/wp-content\\\/uploads\\\/SPG004040.jpg?fit=500%2C400&ssl=1\",\"datePublished\":\"2023-08-09T11:04:49+00:00\",\"dateModified\":\"2023-10-25T11:44:25+00:00\",\"breadcrumb\":{\"@id\":\"https:\\\/\\\/spgautomotive.com\\\/products\\\/body\\\/exterior\\\/cowl-panel\\\/clip-cowl-panel\\\/windshield-cowl-top-panel-grille-nut\\\/#breadcrumb\"},\"inLanguage\":\"tr\",\"potentialAction\":[{\"@type\":\"ReadAction\",\"target\":[\"https:\\\/\\\/spgautomotive.com\\\/products\\\/body\\\/exterior\\\/cowl-panel\\\/clip-cowl-panel\\\/windshield-cowl-top-panel-grille-nut\\\/\"]}]},{\"@type\":\"ImageObject\",\"inLanguage\":\"tr\",\"@id\":\"https:\\\/\\\/spgautomotive.com\\\/products\\\/body\\\/exterior\\\/cowl-panel\\\/clip-cowl-panel\\\/windshield-cowl-top-panel-grille-nut\\\/#primaryimage\",\"url\":\"https:\\\/\\\/i0.wp.com\\\/spgautomotive.com\\\/wp-content\\\/uploads\\\/SPG004040.jpg?fit=500%2C400&ssl=1\",\"contentUrl\":\"https:\\\/\\\/i0.wp.com\\\/spgautomotive.com\\\/wp-content\\\/uploads\\\/SPG004040.jpg?fit=500%2C400&ssl=1\",\"width\":500,\"height\":400},{\"@type\":\"BreadcrumbList\",\"@id\":\"https:\\\/\\\/spgautomotive.com\\\/products\\\/body\\\/exterior\\\/cowl-panel\\\/clip-cowl-panel\\\/windshield-cowl-top-panel-grille-nut\\\/#breadcrumb\",\"itemListElement\":[{\"@type\":\"ListItem\",\"position\":1,\"name\":\"Home\",\"item\":\"https:\\\/\\\/spgautomotive.com\\\/\"},{\"@type\":\"ListItem\",\"position\":2,\"name\":\"Products\",\"item\":\"https:\\\/\\\/spgautomotive.com\\\/products\\\/\"},{\"@type\":\"ListItem\",\"position\":3,\"name\":\"Windshield Cowl Top Panel Grille Nut\"}]},{\"@type\":\"WebSite\",\"@id\":\"https:\\\/\\\/spgautomotive.com\\\/#website\",\"url\":\"https:\\\/\\\/spgautomotive.com\\\/\",\"name\":\"SPG Automotive\",\"description\":\"\",\"publisher\":{\"@id\":\"https:\\\/\\\/spgautomotive.com\\\/#organization\"},\"potentialAction\":[{\"@type\":\"SearchAction\",\"target\":{\"@type\":\"EntryPoint\",\"urlTemplate\":\"https:\\\/\\\/spgautomotive.com\\\/?s={search_term_string}\"},\"query-input\":{\"@type\":\"PropertyValueSpecification\",\"valueRequired\":true,\"valueName\":\"search_term_string\"}}],\"inLanguage\":\"tr\"},{\"@type\":\"Organization\",\"@id\":\"https:\\\/\\\/spgautomotive.com\\\/#organization\",\"name\":\"SPG Automotive\",\"url\":\"https:\\\/\\\/spgautomotive.com\\\/\",\"logo\":{\"@type\":\"ImageObject\",\"inLanguage\":\"tr\",\"@id\":\"https:\\\/\\\/spgautomotive.com\\\/#\\\/schema\\\/logo\\\/image\\\/\",\"url\":\"https:\\\/\\\/i0.wp.com\\\/spgautomotive.com\\\/wp-content\\\/uploads\\\/spg-215-50.png?fit=215%2C50&ssl=1\",\"contentUrl\":\"https:\\\/\\\/i0.wp.com\\\/spgautomotive.com\\\/wp-content\\\/uploads\\\/spg-215-50.png?fit=215%2C50&ssl=1\",\"width\":215,\"height\":50,\"caption\":\"SPG Automotive\"},\"image\":{\"@id\":\"https:\\\/\\\/spgautomotive.com\\\/#\\\/schema\\\/logo\\\/image\\\/\"}}]}<\/script>\n<!-- \/ Yoast SEO plugin. -->","yoast_head_json":{"title":"Windshield Cowl Top Panel Grille Nut - SPG Automotive","robots":{"index":"index","follow":"follow","max-snippet":"max-snippet:-1","max-image-preview":"max-image-preview:large","max-video-preview":"max-video-preview:-1"},"canonical":"https:\/\/spgautomotive.com\/tr\/products\/body\/exterior\/cowl-panel\/clip-cowl-panel\/windshield-cowl-top-panel-grille-nut\/","og_locale":"tr_TR","og_type":"article","og_title":"Windshield Cowl Top Panel Grille Nut - SPG Automotive","og_description":"Minimum order quantity of this item is 1 pcs","og_url":"https:\/\/spgautomotive.com\/tr\/products\/body\/exterior\/cowl-panel\/clip-cowl-panel\/windshield-cowl-top-panel-grille-nut\/","og_site_name":"SPG Automotive","article_modified_time":"2023-10-25T11:44:25+00:00","og_image":[{"width":500,"height":400,"url":"https:\/\/spgautomotive.com\/wp-content\/uploads\/SPG004040.jpg","type":"image\/jpeg"}],"twitter_card":"summary_large_image","schema":{"@context":"https:\/\/schema.org","@graph":[{"@type":"WebPage","@id":"https:\/\/spgautomotive.com\/products\/body\/exterior\/cowl-panel\/clip-cowl-panel\/windshield-cowl-top-panel-grille-nut\/","url":"https:\/\/spgautomotive.com\/products\/body\/exterior\/cowl-panel\/clip-cowl-panel\/windshield-cowl-top-panel-grille-nut\/","name":"Windshield Cowl Top Panel Grille Nut - SPG Automotive","isPartOf":{"@id":"https:\/\/spgautomotive.com\/#website"},"primaryImageOfPage":{"@id":"https:\/\/spgautomotive.com\/products\/body\/exterior\/cowl-panel\/clip-cowl-panel\/windshield-cowl-top-panel-grille-nut\/#primaryimage"},"image":{"@id":"https:\/\/spgautomotive.com\/products\/body\/exterior\/cowl-panel\/clip-cowl-panel\/windshield-cowl-top-panel-grille-nut\/#primaryimage"},"thumbnailUrl":"https:\/\/i0.wp.com\/spgautomotive.com\/wp-content\/uploads\/SPG004040.jpg?fit=500%2C400&ssl=1","datePublished":"2023-08-09T11:04:49+00:00","dateModified":"2023-10-25T11:44:25+00:00","breadcrumb":{"@id":"https:\/\/spgautomotive.com\/products\/body\/exterior\/cowl-panel\/clip-cowl-panel\/windshield-cowl-top-panel-grille-nut\/#breadcrumb"},"inLanguage":"tr","potentialAction":[{"@type":"ReadAction","target":["https:\/\/spgautomotive.com\/products\/body\/exterior\/cowl-panel\/clip-cowl-panel\/windshield-cowl-top-panel-grille-nut\/"]}]},{"@type":"ImageObject","inLanguage":"tr","@id":"https:\/\/spgautomotive.com\/products\/body\/exterior\/cowl-panel\/clip-cowl-panel\/windshield-cowl-top-panel-grille-nut\/#primaryimage","url":"https:\/\/i0.wp.com\/spgautomotive.com\/wp-content\/uploads\/SPG004040.jpg?fit=500%2C400&ssl=1","contentUrl":"https:\/\/i0.wp.com\/spgautomotive.com\/wp-content\/uploads\/SPG004040.jpg?fit=500%2C400&ssl=1","width":500,"height":400},{"@type":"BreadcrumbList","@id":"https:\/\/spgautomotive.com\/products\/body\/exterior\/cowl-panel\/clip-cowl-panel\/windshield-cowl-top-panel-grille-nut\/#breadcrumb","itemListElement":[{"@type":"ListItem","position":1,"name":"Home","item":"https:\/\/spgautomotive.com\/"},{"@type":"ListItem","position":2,"name":"Products","item":"https:\/\/spgautomotive.com\/products\/"},{"@type":"ListItem","position":3,"name":"Windshield Cowl Top Panel Grille Nut"}]},{"@type":"WebSite","@id":"https:\/\/spgautomotive.com\/#website","url":"https:\/\/spgautomotive.com\/","name":"SPG Automotive","description":"","publisher":{"@id":"https:\/\/spgautomotive.com\/#organization"},"potentialAction":[{"@type":"SearchAction","target":{"@type":"EntryPoint","urlTemplate":"https:\/\/spgautomotive.com\/?s={search_term_string}"},"query-input":{"@type":"PropertyValueSpecification","valueRequired":true,"valueName":"search_term_string"}}],"inLanguage":"tr"},{"@type":"Organization","@id":"https:\/\/spgautomotive.com\/#organization","name":"SPG Automotive","url":"https:\/\/spgautomotive.com\/","logo":{"@type":"ImageObject","inLanguage":"tr","@id":"https:\/\/spgautomotive.com\/#\/schema\/logo\/image\/","url":"https:\/\/i0.wp.com\/spgautomotive.com\/wp-content\/uploads\/spg-215-50.png?fit=215%2C50&ssl=1","contentUrl":"https:\/\/i0.wp.com\/spgautomotive.com\/wp-content\/uploads\/spg-215-50.png?fit=215%2C50&ssl=1","width":215,"height":50,"caption":"SPG Automotive"},"image":{"@id":"https:\/\/spgautomotive.com\/#\/schema\/logo\/image\/"}}]}},"jetpack_sharing_enabled":true,"_links":{"self":[{"href":"https:\/\/spgautomotive.com\/tr\/wp-json\/wp\/v2\/product\/12871","targetHints":{"allow":["GET"]}}],"collection":[{"href":"https:\/\/spgautomotive.com\/tr\/wp-json\/wp\/v2\/product"}],"about":[{"href":"https:\/\/spgautomotive.com\/tr\/wp-json\/wp\/v2\/types\/product"}],"wp:featuredmedia":[{"embeddable":true,"href":"https:\/\/spgautomotive.com\/tr\/wp-json\/wp\/v2\/media\/7992"}],"wp:attachment":[{"href":"https:\/\/spgautomotive.com\/tr\/wp-json\/wp\/v2\/media?parent=12871"}],"wp:term":[{"taxonomy":"product_brand","embeddable":true,"href":"https:\/\/spgautomotive.com\/tr\/wp-json\/wp\/v2\/product_brand?post=12871"},{"taxonomy":"product_cat","embeddable":true,"href":"https:\/\/spgautomotive.com\/tr\/wp-json\/wp\/v2\/product_cat?post=12871"},{"taxonomy":"product_tag","embeddable":true,"href":"https:\/\/spgautomotive.com\/tr\/wp-json\/wp\/v2\/product_tag?post=12871"}],"curies":[{"name":"wp","href":"https:\/\/api.w.org\/{rel}","templated":true}]}}