{"id":12765,"date":"2023-08-09T11:04:43","date_gmt":"2023-08-09T11:04:43","guid":{"rendered":"https:\/\/spgautomotive.com\/?product=fender-liner-clip-77"},"modified":"2023-10-25T11:44:12","modified_gmt":"2023-10-25T11:44:12","slug":"fender-liner-clip-77","status":"publish","type":"product","link":"https:\/\/spgautomotive.com\/tr\/products\/body\/exterior\/fenders-splash-guards\/clip-fenders-splash-guards\/fender-liner-clip-77\/","title":{"rendered":"\u00c7amurluk Davlumbaz Klipsi"},"content":{"rendered":"<p>SPG003934 , C94530438, MR215510, M344728 , CHEVROLET | MITSUBISHI , Kalos<\/p>","protected":false},"excerpt":{"rendered":"<p>Bu \u00fcr\u00fcn i\u00e7in minimum sipari\u015f adedi 1 adettir<\/p>","protected":false},"featured_media":7881,"template":"","meta":{"_acf_changed":false,"jetpack_post_was_ever_published":false},"product_brand":[],"product_cat":[5660],"product_tag":[3379,3381,3380],"class_list":{"0":"post-12765","1":"product","2":"type-product","3":"status-publish","4":"has-post-thumbnail","6":"product_cat-clip-fenders-splash-guards","7":"product_tag-c94530438","8":"product_tag-m344728","9":"product_tag-mr215510","10":"pa_brand-chevrolet","11":"pa_brand-mitsubishi","12":"pa_categories-clip","13":"pa_color-black","14":"pa_model-kalos","15":"pa_oem-c94530438","16":"pa_oem-m344728","17":"pa_oem-mr215510","19":"first","20":"instock","21":"taxable","22":"shipping-taxable","23":"product-type-simple"},"acf":[],"yoast_head":"<!-- This site is optimized with the Yoast SEO plugin v27.3 - https:\/\/yoast.com\/product\/yoast-seo-wordpress\/ -->\n<title>Fender Liner Clip - SPG Automotive<\/title>\n<meta name=\"robots\" content=\"index, follow, max-snippet:-1, max-image-preview:large, max-video-preview:-1\" \/>\n<link rel=\"canonical\" href=\"https:\/\/spgautomotive.com\/tr\/products\/body\/exterior\/fenders-splash-guards\/clip-fenders-splash-guards\/fender-liner-clip-77\/\" \/>\n<meta property=\"og:locale\" content=\"tr_TR\" \/>\n<meta property=\"og:type\" content=\"article\" \/>\n<meta property=\"og:title\" content=\"Fender Liner Clip - SPG Automotive\" \/>\n<meta property=\"og:description\" content=\"Minimum order quantity of this item is 1 pcs\" \/>\n<meta property=\"og:url\" content=\"https:\/\/spgautomotive.com\/tr\/products\/body\/exterior\/fenders-splash-guards\/clip-fenders-splash-guards\/fender-liner-clip-77\/\" \/>\n<meta property=\"og:site_name\" content=\"SPG Automotive\" \/>\n<meta property=\"article:modified_time\" content=\"2023-10-25T11:44:12+00:00\" \/>\n<meta property=\"og:image\" content=\"https:\/\/spgautomotive.com\/wp-content\/uploads\/SPG003934.jpg\" \/>\n\t<meta property=\"og:image:width\" content=\"683\" \/>\n\t<meta property=\"og:image:height\" content=\"512\" \/>\n\t<meta property=\"og:image:type\" content=\"image\/jpeg\" \/>\n<meta name=\"twitter:card\" content=\"summary_large_image\" \/>\n<script type=\"application\/ld+json\" class=\"yoast-schema-graph\">{\"@context\":\"https:\\\/\\\/schema.org\",\"@graph\":[{\"@type\":\"WebPage\",\"@id\":\"https:\\\/\\\/spgautomotive.com\\\/products\\\/body\\\/exterior\\\/fenders-splash-guards\\\/clip-fenders-splash-guards\\\/fender-liner-clip-77\\\/\",\"url\":\"https:\\\/\\\/spgautomotive.com\\\/products\\\/body\\\/exterior\\\/fenders-splash-guards\\\/clip-fenders-splash-guards\\\/fender-liner-clip-77\\\/\",\"name\":\"Fender Liner Clip - SPG Automotive\",\"isPartOf\":{\"@id\":\"https:\\\/\\\/spgautomotive.com\\\/#website\"},\"primaryImageOfPage\":{\"@id\":\"https:\\\/\\\/spgautomotive.com\\\/products\\\/body\\\/exterior\\\/fenders-splash-guards\\\/clip-fenders-splash-guards\\\/fender-liner-clip-77\\\/#primaryimage\"},\"image\":{\"@id\":\"https:\\\/\\\/spgautomotive.com\\\/products\\\/body\\\/exterior\\\/fenders-splash-guards\\\/clip-fenders-splash-guards\\\/fender-liner-clip-77\\\/#primaryimage\"},\"thumbnailUrl\":\"https:\\\/\\\/i0.wp.com\\\/spgautomotive.com\\\/wp-content\\\/uploads\\\/SPG003934.jpg?fit=683%2C512&ssl=1\",\"datePublished\":\"2023-08-09T11:04:43+00:00\",\"dateModified\":\"2023-10-25T11:44:12+00:00\",\"breadcrumb\":{\"@id\":\"https:\\\/\\\/spgautomotive.com\\\/products\\\/body\\\/exterior\\\/fenders-splash-guards\\\/clip-fenders-splash-guards\\\/fender-liner-clip-77\\\/#breadcrumb\"},\"inLanguage\":\"tr\",\"potentialAction\":[{\"@type\":\"ReadAction\",\"target\":[\"https:\\\/\\\/spgautomotive.com\\\/products\\\/body\\\/exterior\\\/fenders-splash-guards\\\/clip-fenders-splash-guards\\\/fender-liner-clip-77\\\/\"]}]},{\"@type\":\"ImageObject\",\"inLanguage\":\"tr\",\"@id\":\"https:\\\/\\\/spgautomotive.com\\\/products\\\/body\\\/exterior\\\/fenders-splash-guards\\\/clip-fenders-splash-guards\\\/fender-liner-clip-77\\\/#primaryimage\",\"url\":\"https:\\\/\\\/i0.wp.com\\\/spgautomotive.com\\\/wp-content\\\/uploads\\\/SPG003934.jpg?fit=683%2C512&ssl=1\",\"contentUrl\":\"https:\\\/\\\/i0.wp.com\\\/spgautomotive.com\\\/wp-content\\\/uploads\\\/SPG003934.jpg?fit=683%2C512&ssl=1\",\"width\":683,\"height\":512},{\"@type\":\"BreadcrumbList\",\"@id\":\"https:\\\/\\\/spgautomotive.com\\\/products\\\/body\\\/exterior\\\/fenders-splash-guards\\\/clip-fenders-splash-guards\\\/fender-liner-clip-77\\\/#breadcrumb\",\"itemListElement\":[{\"@type\":\"ListItem\",\"position\":1,\"name\":\"Home\",\"item\":\"https:\\\/\\\/spgautomotive.com\\\/\"},{\"@type\":\"ListItem\",\"position\":2,\"name\":\"Products\",\"item\":\"https:\\\/\\\/spgautomotive.com\\\/products\\\/\"},{\"@type\":\"ListItem\",\"position\":3,\"name\":\"Fender Liner Clip\"}]},{\"@type\":\"WebSite\",\"@id\":\"https:\\\/\\\/spgautomotive.com\\\/#website\",\"url\":\"https:\\\/\\\/spgautomotive.com\\\/\",\"name\":\"SPG Automotive\",\"description\":\"\",\"publisher\":{\"@id\":\"https:\\\/\\\/spgautomotive.com\\\/#organization\"},\"potentialAction\":[{\"@type\":\"SearchAction\",\"target\":{\"@type\":\"EntryPoint\",\"urlTemplate\":\"https:\\\/\\\/spgautomotive.com\\\/?s={search_term_string}\"},\"query-input\":{\"@type\":\"PropertyValueSpecification\",\"valueRequired\":true,\"valueName\":\"search_term_string\"}}],\"inLanguage\":\"tr\"},{\"@type\":\"Organization\",\"@id\":\"https:\\\/\\\/spgautomotive.com\\\/#organization\",\"name\":\"SPG Automotive\",\"url\":\"https:\\\/\\\/spgautomotive.com\\\/\",\"logo\":{\"@type\":\"ImageObject\",\"inLanguage\":\"tr\",\"@id\":\"https:\\\/\\\/spgautomotive.com\\\/#\\\/schema\\\/logo\\\/image\\\/\",\"url\":\"https:\\\/\\\/i0.wp.com\\\/spgautomotive.com\\\/wp-content\\\/uploads\\\/spg-215-50.png?fit=215%2C50&ssl=1\",\"contentUrl\":\"https:\\\/\\\/i0.wp.com\\\/spgautomotive.com\\\/wp-content\\\/uploads\\\/spg-215-50.png?fit=215%2C50&ssl=1\",\"width\":215,\"height\":50,\"caption\":\"SPG Automotive\"},\"image\":{\"@id\":\"https:\\\/\\\/spgautomotive.com\\\/#\\\/schema\\\/logo\\\/image\\\/\"}}]}<\/script>\n<!-- \/ Yoast SEO plugin. -->","yoast_head_json":{"title":"Fender Liner Clip - SPG Automotive","robots":{"index":"index","follow":"follow","max-snippet":"max-snippet:-1","max-image-preview":"max-image-preview:large","max-video-preview":"max-video-preview:-1"},"canonical":"https:\/\/spgautomotive.com\/tr\/products\/body\/exterior\/fenders-splash-guards\/clip-fenders-splash-guards\/fender-liner-clip-77\/","og_locale":"tr_TR","og_type":"article","og_title":"Fender Liner Clip - SPG Automotive","og_description":"Minimum order quantity of this item is 1 pcs","og_url":"https:\/\/spgautomotive.com\/tr\/products\/body\/exterior\/fenders-splash-guards\/clip-fenders-splash-guards\/fender-liner-clip-77\/","og_site_name":"SPG Automotive","article_modified_time":"2023-10-25T11:44:12+00:00","og_image":[{"width":683,"height":512,"url":"https:\/\/spgautomotive.com\/wp-content\/uploads\/SPG003934.jpg","type":"image\/jpeg"}],"twitter_card":"summary_large_image","schema":{"@context":"https:\/\/schema.org","@graph":[{"@type":"WebPage","@id":"https:\/\/spgautomotive.com\/products\/body\/exterior\/fenders-splash-guards\/clip-fenders-splash-guards\/fender-liner-clip-77\/","url":"https:\/\/spgautomotive.com\/products\/body\/exterior\/fenders-splash-guards\/clip-fenders-splash-guards\/fender-liner-clip-77\/","name":"Fender Liner Clip - SPG Automotive","isPartOf":{"@id":"https:\/\/spgautomotive.com\/#website"},"primaryImageOfPage":{"@id":"https:\/\/spgautomotive.com\/products\/body\/exterior\/fenders-splash-guards\/clip-fenders-splash-guards\/fender-liner-clip-77\/#primaryimage"},"image":{"@id":"https:\/\/spgautomotive.com\/products\/body\/exterior\/fenders-splash-guards\/clip-fenders-splash-guards\/fender-liner-clip-77\/#primaryimage"},"thumbnailUrl":"https:\/\/i0.wp.com\/spgautomotive.com\/wp-content\/uploads\/SPG003934.jpg?fit=683%2C512&ssl=1","datePublished":"2023-08-09T11:04:43+00:00","dateModified":"2023-10-25T11:44:12+00:00","breadcrumb":{"@id":"https:\/\/spgautomotive.com\/products\/body\/exterior\/fenders-splash-guards\/clip-fenders-splash-guards\/fender-liner-clip-77\/#breadcrumb"},"inLanguage":"tr","potentialAction":[{"@type":"ReadAction","target":["https:\/\/spgautomotive.com\/products\/body\/exterior\/fenders-splash-guards\/clip-fenders-splash-guards\/fender-liner-clip-77\/"]}]},{"@type":"ImageObject","inLanguage":"tr","@id":"https:\/\/spgautomotive.com\/products\/body\/exterior\/fenders-splash-guards\/clip-fenders-splash-guards\/fender-liner-clip-77\/#primaryimage","url":"https:\/\/i0.wp.com\/spgautomotive.com\/wp-content\/uploads\/SPG003934.jpg?fit=683%2C512&ssl=1","contentUrl":"https:\/\/i0.wp.com\/spgautomotive.com\/wp-content\/uploads\/SPG003934.jpg?fit=683%2C512&ssl=1","width":683,"height":512},{"@type":"BreadcrumbList","@id":"https:\/\/spgautomotive.com\/products\/body\/exterior\/fenders-splash-guards\/clip-fenders-splash-guards\/fender-liner-clip-77\/#breadcrumb","itemListElement":[{"@type":"ListItem","position":1,"name":"Home","item":"https:\/\/spgautomotive.com\/"},{"@type":"ListItem","position":2,"name":"Products","item":"https:\/\/spgautomotive.com\/products\/"},{"@type":"ListItem","position":3,"name":"Fender Liner Clip"}]},{"@type":"WebSite","@id":"https:\/\/spgautomotive.com\/#website","url":"https:\/\/spgautomotive.com\/","name":"SPG Automotive","description":"","publisher":{"@id":"https:\/\/spgautomotive.com\/#organization"},"potentialAction":[{"@type":"SearchAction","target":{"@type":"EntryPoint","urlTemplate":"https:\/\/spgautomotive.com\/?s={search_term_string}"},"query-input":{"@type":"PropertyValueSpecification","valueRequired":true,"valueName":"search_term_string"}}],"inLanguage":"tr"},{"@type":"Organization","@id":"https:\/\/spgautomotive.com\/#organization","name":"SPG Automotive","url":"https:\/\/spgautomotive.com\/","logo":{"@type":"ImageObject","inLanguage":"tr","@id":"https:\/\/spgautomotive.com\/#\/schema\/logo\/image\/","url":"https:\/\/i0.wp.com\/spgautomotive.com\/wp-content\/uploads\/spg-215-50.png?fit=215%2C50&ssl=1","contentUrl":"https:\/\/i0.wp.com\/spgautomotive.com\/wp-content\/uploads\/spg-215-50.png?fit=215%2C50&ssl=1","width":215,"height":50,"caption":"SPG Automotive"},"image":{"@id":"https:\/\/spgautomotive.com\/#\/schema\/logo\/image\/"}}]}},"jetpack_sharing_enabled":true,"_links":{"self":[{"href":"https:\/\/spgautomotive.com\/tr\/wp-json\/wp\/v2\/product\/12765","targetHints":{"allow":["GET"]}}],"collection":[{"href":"https:\/\/spgautomotive.com\/tr\/wp-json\/wp\/v2\/product"}],"about":[{"href":"https:\/\/spgautomotive.com\/tr\/wp-json\/wp\/v2\/types\/product"}],"wp:featuredmedia":[{"embeddable":true,"href":"https:\/\/spgautomotive.com\/tr\/wp-json\/wp\/v2\/media\/7881"}],"wp:attachment":[{"href":"https:\/\/spgautomotive.com\/tr\/wp-json\/wp\/v2\/media?parent=12765"}],"wp:term":[{"taxonomy":"product_brand","embeddable":true,"href":"https:\/\/spgautomotive.com\/tr\/wp-json\/wp\/v2\/product_brand?post=12765"},{"taxonomy":"product_cat","embeddable":true,"href":"https:\/\/spgautomotive.com\/tr\/wp-json\/wp\/v2\/product_cat?post=12765"},{"taxonomy":"product_tag","embeddable":true,"href":"https:\/\/spgautomotive.com\/tr\/wp-json\/wp\/v2\/product_tag?post=12765"}],"curies":[{"name":"wp","href":"https:\/\/api.w.org\/{rel}","templated":true}]}}