{"id":12509,"date":"2023-08-09T11:04:28","date_gmt":"2023-08-09T11:04:28","guid":{"rendered":"https:\/\/spgautomotive.com\/?product=expanding-rivet-6"},"modified":"2023-10-25T11:43:38","modified_gmt":"2023-10-25T11:43:38","slug":"expanding-rivet-6","status":"publish","type":"product","link":"https:\/\/spgautomotive.com\/tr\/products\/body\/exterior\/clip-exterior\/expanding-rivet-6\/","title":{"rendered":"Geni\u015fleyen Per\u00e7in"},"content":{"rendered":"<p>SPG003678 , A1269900392, 1269900392, A1239900592, 1239900592, 3120254 , MERCEDES | BMW | VOLVO , W126, W123<\/p>","protected":false},"excerpt":{"rendered":"<p>Bu \u00fcr\u00fcn i\u00e7in minimum sipari\u015f adedi 1 adettir<\/p>","protected":false},"featured_media":7624,"template":"","meta":{"_acf_changed":false,"jetpack_post_was_ever_published":false},"product_brand":[],"product_cat":[5686],"product_tag":[3044,3042,3045,3043,3041],"class_list":{"0":"post-12509","1":"product","2":"type-product","3":"status-publish","4":"has-post-thumbnail","6":"product_cat-clip-exterior","7":"product_tag-3044","8":"product_tag-3042","9":"product_tag-3045","10":"product_tag-a1239900592","11":"product_tag-a1269900392","12":"pa_brand-bmw","13":"pa_brand-mercedes","14":"pa_brand-volvo","15":"pa_categories-clip","16":"pa_color-black","17":"pa_model-w123","18":"pa_model-w126","19":"pa_oem-10576","20":"pa_oem-10574","21":"pa_oem-10577","22":"pa_oem-a1239900592","23":"pa_oem-a1269900392","25":"first","26":"instock","27":"taxable","28":"shipping-taxable","29":"product-type-simple"},"acf":[],"yoast_head":"<!-- This site is optimized with the Yoast SEO plugin v27.3 - https:\/\/yoast.com\/product\/yoast-seo-wordpress\/ -->\n<title>Expanding Rivet - SPG Automotive<\/title>\n<meta name=\"robots\" content=\"index, follow, max-snippet:-1, max-image-preview:large, max-video-preview:-1\" \/>\n<link rel=\"canonical\" href=\"https:\/\/spgautomotive.com\/tr\/products\/body\/exterior\/clip-exterior\/expanding-rivet-6\/\" \/>\n<meta property=\"og:locale\" content=\"tr_TR\" \/>\n<meta property=\"og:type\" content=\"article\" \/>\n<meta property=\"og:title\" content=\"Expanding Rivet - SPG Automotive\" \/>\n<meta property=\"og:description\" content=\"Minimum order quantity of this item is 1 pcs\" \/>\n<meta property=\"og:url\" content=\"https:\/\/spgautomotive.com\/tr\/products\/body\/exterior\/clip-exterior\/expanding-rivet-6\/\" \/>\n<meta property=\"og:site_name\" content=\"SPG Automotive\" \/>\n<meta property=\"article:modified_time\" content=\"2023-10-25T11:43:38+00:00\" \/>\n<meta property=\"og:image\" content=\"https:\/\/spgautomotive.com\/wp-content\/uploads\/SPG003678.jpg\" \/>\n\t<meta property=\"og:image:width\" content=\"1800\" \/>\n\t<meta property=\"og:image:height\" content=\"1232\" \/>\n\t<meta property=\"og:image:type\" content=\"image\/jpeg\" \/>\n<meta name=\"twitter:card\" content=\"summary_large_image\" \/>\n<script type=\"application\/ld+json\" class=\"yoast-schema-graph\">{\"@context\":\"https:\\\/\\\/schema.org\",\"@graph\":[{\"@type\":\"WebPage\",\"@id\":\"https:\\\/\\\/spgautomotive.com\\\/products\\\/body\\\/exterior\\\/clip-exterior\\\/expanding-rivet-6\\\/\",\"url\":\"https:\\\/\\\/spgautomotive.com\\\/products\\\/body\\\/exterior\\\/clip-exterior\\\/expanding-rivet-6\\\/\",\"name\":\"Expanding Rivet - SPG Automotive\",\"isPartOf\":{\"@id\":\"https:\\\/\\\/spgautomotive.com\\\/#website\"},\"primaryImageOfPage\":{\"@id\":\"https:\\\/\\\/spgautomotive.com\\\/products\\\/body\\\/exterior\\\/clip-exterior\\\/expanding-rivet-6\\\/#primaryimage\"},\"image\":{\"@id\":\"https:\\\/\\\/spgautomotive.com\\\/products\\\/body\\\/exterior\\\/clip-exterior\\\/expanding-rivet-6\\\/#primaryimage\"},\"thumbnailUrl\":\"https:\\\/\\\/i0.wp.com\\\/spgautomotive.com\\\/wp-content\\\/uploads\\\/SPG003678.jpg?fit=1800%2C1232&ssl=1\",\"datePublished\":\"2023-08-09T11:04:28+00:00\",\"dateModified\":\"2023-10-25T11:43:38+00:00\",\"breadcrumb\":{\"@id\":\"https:\\\/\\\/spgautomotive.com\\\/products\\\/body\\\/exterior\\\/clip-exterior\\\/expanding-rivet-6\\\/#breadcrumb\"},\"inLanguage\":\"tr\",\"potentialAction\":[{\"@type\":\"ReadAction\",\"target\":[\"https:\\\/\\\/spgautomotive.com\\\/products\\\/body\\\/exterior\\\/clip-exterior\\\/expanding-rivet-6\\\/\"]}]},{\"@type\":\"ImageObject\",\"inLanguage\":\"tr\",\"@id\":\"https:\\\/\\\/spgautomotive.com\\\/products\\\/body\\\/exterior\\\/clip-exterior\\\/expanding-rivet-6\\\/#primaryimage\",\"url\":\"https:\\\/\\\/i0.wp.com\\\/spgautomotive.com\\\/wp-content\\\/uploads\\\/SPG003678.jpg?fit=1800%2C1232&ssl=1\",\"contentUrl\":\"https:\\\/\\\/i0.wp.com\\\/spgautomotive.com\\\/wp-content\\\/uploads\\\/SPG003678.jpg?fit=1800%2C1232&ssl=1\",\"width\":1800,\"height\":1232},{\"@type\":\"BreadcrumbList\",\"@id\":\"https:\\\/\\\/spgautomotive.com\\\/products\\\/body\\\/exterior\\\/clip-exterior\\\/expanding-rivet-6\\\/#breadcrumb\",\"itemListElement\":[{\"@type\":\"ListItem\",\"position\":1,\"name\":\"Home\",\"item\":\"https:\\\/\\\/spgautomotive.com\\\/\"},{\"@type\":\"ListItem\",\"position\":2,\"name\":\"Products\",\"item\":\"https:\\\/\\\/spgautomotive.com\\\/products\\\/\"},{\"@type\":\"ListItem\",\"position\":3,\"name\":\"Expanding Rivet\"}]},{\"@type\":\"WebSite\",\"@id\":\"https:\\\/\\\/spgautomotive.com\\\/#website\",\"url\":\"https:\\\/\\\/spgautomotive.com\\\/\",\"name\":\"SPG Automotive\",\"description\":\"\",\"publisher\":{\"@id\":\"https:\\\/\\\/spgautomotive.com\\\/#organization\"},\"potentialAction\":[{\"@type\":\"SearchAction\",\"target\":{\"@type\":\"EntryPoint\",\"urlTemplate\":\"https:\\\/\\\/spgautomotive.com\\\/?s={search_term_string}\"},\"query-input\":{\"@type\":\"PropertyValueSpecification\",\"valueRequired\":true,\"valueName\":\"search_term_string\"}}],\"inLanguage\":\"tr\"},{\"@type\":\"Organization\",\"@id\":\"https:\\\/\\\/spgautomotive.com\\\/#organization\",\"name\":\"SPG Automotive\",\"url\":\"https:\\\/\\\/spgautomotive.com\\\/\",\"logo\":{\"@type\":\"ImageObject\",\"inLanguage\":\"tr\",\"@id\":\"https:\\\/\\\/spgautomotive.com\\\/#\\\/schema\\\/logo\\\/image\\\/\",\"url\":\"https:\\\/\\\/i0.wp.com\\\/spgautomotive.com\\\/wp-content\\\/uploads\\\/spg-215-50.png?fit=215%2C50&ssl=1\",\"contentUrl\":\"https:\\\/\\\/i0.wp.com\\\/spgautomotive.com\\\/wp-content\\\/uploads\\\/spg-215-50.png?fit=215%2C50&ssl=1\",\"width\":215,\"height\":50,\"caption\":\"SPG Automotive\"},\"image\":{\"@id\":\"https:\\\/\\\/spgautomotive.com\\\/#\\\/schema\\\/logo\\\/image\\\/\"}}]}<\/script>\n<!-- \/ Yoast SEO plugin. -->","yoast_head_json":{"title":"Expanding Rivet - SPG Automotive","robots":{"index":"index","follow":"follow","max-snippet":"max-snippet:-1","max-image-preview":"max-image-preview:large","max-video-preview":"max-video-preview:-1"},"canonical":"https:\/\/spgautomotive.com\/tr\/products\/body\/exterior\/clip-exterior\/expanding-rivet-6\/","og_locale":"tr_TR","og_type":"article","og_title":"Expanding Rivet - SPG Automotive","og_description":"Minimum order quantity of this item is 1 pcs","og_url":"https:\/\/spgautomotive.com\/tr\/products\/body\/exterior\/clip-exterior\/expanding-rivet-6\/","og_site_name":"SPG Automotive","article_modified_time":"2023-10-25T11:43:38+00:00","og_image":[{"width":1800,"height":1232,"url":"https:\/\/spgautomotive.com\/wp-content\/uploads\/SPG003678.jpg","type":"image\/jpeg"}],"twitter_card":"summary_large_image","schema":{"@context":"https:\/\/schema.org","@graph":[{"@type":"WebPage","@id":"https:\/\/spgautomotive.com\/products\/body\/exterior\/clip-exterior\/expanding-rivet-6\/","url":"https:\/\/spgautomotive.com\/products\/body\/exterior\/clip-exterior\/expanding-rivet-6\/","name":"Expanding Rivet - SPG Automotive","isPartOf":{"@id":"https:\/\/spgautomotive.com\/#website"},"primaryImageOfPage":{"@id":"https:\/\/spgautomotive.com\/products\/body\/exterior\/clip-exterior\/expanding-rivet-6\/#primaryimage"},"image":{"@id":"https:\/\/spgautomotive.com\/products\/body\/exterior\/clip-exterior\/expanding-rivet-6\/#primaryimage"},"thumbnailUrl":"https:\/\/i0.wp.com\/spgautomotive.com\/wp-content\/uploads\/SPG003678.jpg?fit=1800%2C1232&ssl=1","datePublished":"2023-08-09T11:04:28+00:00","dateModified":"2023-10-25T11:43:38+00:00","breadcrumb":{"@id":"https:\/\/spgautomotive.com\/products\/body\/exterior\/clip-exterior\/expanding-rivet-6\/#breadcrumb"},"inLanguage":"tr","potentialAction":[{"@type":"ReadAction","target":["https:\/\/spgautomotive.com\/products\/body\/exterior\/clip-exterior\/expanding-rivet-6\/"]}]},{"@type":"ImageObject","inLanguage":"tr","@id":"https:\/\/spgautomotive.com\/products\/body\/exterior\/clip-exterior\/expanding-rivet-6\/#primaryimage","url":"https:\/\/i0.wp.com\/spgautomotive.com\/wp-content\/uploads\/SPG003678.jpg?fit=1800%2C1232&ssl=1","contentUrl":"https:\/\/i0.wp.com\/spgautomotive.com\/wp-content\/uploads\/SPG003678.jpg?fit=1800%2C1232&ssl=1","width":1800,"height":1232},{"@type":"BreadcrumbList","@id":"https:\/\/spgautomotive.com\/products\/body\/exterior\/clip-exterior\/expanding-rivet-6\/#breadcrumb","itemListElement":[{"@type":"ListItem","position":1,"name":"Home","item":"https:\/\/spgautomotive.com\/"},{"@type":"ListItem","position":2,"name":"Products","item":"https:\/\/spgautomotive.com\/products\/"},{"@type":"ListItem","position":3,"name":"Expanding Rivet"}]},{"@type":"WebSite","@id":"https:\/\/spgautomotive.com\/#website","url":"https:\/\/spgautomotive.com\/","name":"SPG Automotive","description":"","publisher":{"@id":"https:\/\/spgautomotive.com\/#organization"},"potentialAction":[{"@type":"SearchAction","target":{"@type":"EntryPoint","urlTemplate":"https:\/\/spgautomotive.com\/?s={search_term_string}"},"query-input":{"@type":"PropertyValueSpecification","valueRequired":true,"valueName":"search_term_string"}}],"inLanguage":"tr"},{"@type":"Organization","@id":"https:\/\/spgautomotive.com\/#organization","name":"SPG Automotive","url":"https:\/\/spgautomotive.com\/","logo":{"@type":"ImageObject","inLanguage":"tr","@id":"https:\/\/spgautomotive.com\/#\/schema\/logo\/image\/","url":"https:\/\/i0.wp.com\/spgautomotive.com\/wp-content\/uploads\/spg-215-50.png?fit=215%2C50&ssl=1","contentUrl":"https:\/\/i0.wp.com\/spgautomotive.com\/wp-content\/uploads\/spg-215-50.png?fit=215%2C50&ssl=1","width":215,"height":50,"caption":"SPG Automotive"},"image":{"@id":"https:\/\/spgautomotive.com\/#\/schema\/logo\/image\/"}}]}},"jetpack_sharing_enabled":true,"_links":{"self":[{"href":"https:\/\/spgautomotive.com\/tr\/wp-json\/wp\/v2\/product\/12509","targetHints":{"allow":["GET"]}}],"collection":[{"href":"https:\/\/spgautomotive.com\/tr\/wp-json\/wp\/v2\/product"}],"about":[{"href":"https:\/\/spgautomotive.com\/tr\/wp-json\/wp\/v2\/types\/product"}],"wp:featuredmedia":[{"embeddable":true,"href":"https:\/\/spgautomotive.com\/tr\/wp-json\/wp\/v2\/media\/7624"}],"wp:attachment":[{"href":"https:\/\/spgautomotive.com\/tr\/wp-json\/wp\/v2\/media?parent=12509"}],"wp:term":[{"taxonomy":"product_brand","embeddable":true,"href":"https:\/\/spgautomotive.com\/tr\/wp-json\/wp\/v2\/product_brand?post=12509"},{"taxonomy":"product_cat","embeddable":true,"href":"https:\/\/spgautomotive.com\/tr\/wp-json\/wp\/v2\/product_cat?post=12509"},{"taxonomy":"product_tag","embeddable":true,"href":"https:\/\/spgautomotive.com\/tr\/wp-json\/wp\/v2\/product_tag?post=12509"}],"curies":[{"name":"wp","href":"https:\/\/api.w.org\/{rel}","templated":true}]}}