{"id":12459,"date":"2023-08-09T11:04:25","date_gmt":"2023-08-09T11:04:25","guid":{"rendered":"https:\/\/spgautomotive.com\/?product=engine-oil-dipstick-16"},"modified":"2023-10-25T11:43:31","modified_gmt":"2023-10-25T11:43:31","slug":"engine-oil-dipstick-16","status":"publish","type":"product","link":"https:\/\/spgautomotive.com\/tr\/products\/engine\/lubrication\/oil-dipsticks\/caps-covers-oil-dipsticks\/engine-oil-dipstick-16\/","title":{"rendered":"Motor Ya\u011f \u00c7ubu\u011fu"},"content":{"rendered":"<p>SPG003629 , 1174-G2 , PEUGEOT , 207, 307, 308, Partner, C2, C3<\/p>","protected":false},"excerpt":{"rendered":"<p>Bu \u00fcr\u00fcn i\u00e7in minimum sipari\u015f adedi 1 adettir<\/p>","protected":false},"featured_media":7572,"template":"","meta":{"_acf_changed":false,"jetpack_post_was_ever_published":false},"product_brand":[],"product_cat":[5590],"product_tag":[2954],"class_list":{"0":"post-12459","1":"product","2":"type-product","3":"status-publish","4":"has-post-thumbnail","6":"product_cat-caps-covers-oil-dipsticks","7":"product_tag-1174-g2","8":"pa_brand-peugeot","9":"pa_categories-caps-covers","10":"pa_features-info-wire","11":"pa_model-7811","12":"pa_model-7189","13":"pa_model-9253","14":"pa_model-c2","15":"pa_model-c3","16":"pa_model-partner","17":"pa_oem-1174-g2","19":"first","20":"instock","21":"taxable","22":"shipping-taxable","23":"product-type-simple"},"acf":[],"yoast_head":"<!-- This site is optimized with the Yoast SEO plugin v27.3 - https:\/\/yoast.com\/product\/yoast-seo-wordpress\/ -->\n<title>Engine Oil Dipstick - SPG Automotive<\/title>\n<meta name=\"robots\" content=\"index, follow, max-snippet:-1, max-image-preview:large, max-video-preview:-1\" \/>\n<link rel=\"canonical\" href=\"https:\/\/spgautomotive.com\/tr\/products\/engine\/lubrication\/oil-dipsticks\/caps-covers-oil-dipsticks\/engine-oil-dipstick-16\/\" \/>\n<meta property=\"og:locale\" content=\"tr_TR\" \/>\n<meta property=\"og:type\" content=\"article\" \/>\n<meta property=\"og:title\" content=\"Engine Oil Dipstick - SPG Automotive\" \/>\n<meta property=\"og:description\" content=\"Minimum order quantity of this item is 1 pcs\" \/>\n<meta property=\"og:url\" content=\"https:\/\/spgautomotive.com\/tr\/products\/engine\/lubrication\/oil-dipsticks\/caps-covers-oil-dipsticks\/engine-oil-dipstick-16\/\" \/>\n<meta property=\"og:site_name\" content=\"SPG Automotive\" \/>\n<meta property=\"article:modified_time\" content=\"2023-10-25T11:43:31+00:00\" \/>\n<meta property=\"og:image\" content=\"https:\/\/spgautomotive.com\/wp-content\/uploads\/SPG003629.jpg\" \/>\n\t<meta property=\"og:image:width\" content=\"511\" \/>\n\t<meta property=\"og:image:height\" content=\"345\" \/>\n\t<meta property=\"og:image:type\" content=\"image\/jpeg\" \/>\n<meta name=\"twitter:card\" content=\"summary_large_image\" \/>\n<script type=\"application\/ld+json\" class=\"yoast-schema-graph\">{\"@context\":\"https:\\\/\\\/schema.org\",\"@graph\":[{\"@type\":\"WebPage\",\"@id\":\"https:\\\/\\\/spgautomotive.com\\\/products\\\/engine\\\/lubrication\\\/oil-dipsticks\\\/caps-covers-oil-dipsticks\\\/engine-oil-dipstick-16\\\/\",\"url\":\"https:\\\/\\\/spgautomotive.com\\\/products\\\/engine\\\/lubrication\\\/oil-dipsticks\\\/caps-covers-oil-dipsticks\\\/engine-oil-dipstick-16\\\/\",\"name\":\"Engine Oil Dipstick - SPG Automotive\",\"isPartOf\":{\"@id\":\"https:\\\/\\\/spgautomotive.com\\\/#website\"},\"primaryImageOfPage\":{\"@id\":\"https:\\\/\\\/spgautomotive.com\\\/products\\\/engine\\\/lubrication\\\/oil-dipsticks\\\/caps-covers-oil-dipsticks\\\/engine-oil-dipstick-16\\\/#primaryimage\"},\"image\":{\"@id\":\"https:\\\/\\\/spgautomotive.com\\\/products\\\/engine\\\/lubrication\\\/oil-dipsticks\\\/caps-covers-oil-dipsticks\\\/engine-oil-dipstick-16\\\/#primaryimage\"},\"thumbnailUrl\":\"https:\\\/\\\/i0.wp.com\\\/spgautomotive.com\\\/wp-content\\\/uploads\\\/SPG003629.jpg?fit=511%2C345&ssl=1\",\"datePublished\":\"2023-08-09T11:04:25+00:00\",\"dateModified\":\"2023-10-25T11:43:31+00:00\",\"breadcrumb\":{\"@id\":\"https:\\\/\\\/spgautomotive.com\\\/products\\\/engine\\\/lubrication\\\/oil-dipsticks\\\/caps-covers-oil-dipsticks\\\/engine-oil-dipstick-16\\\/#breadcrumb\"},\"inLanguage\":\"tr\",\"potentialAction\":[{\"@type\":\"ReadAction\",\"target\":[\"https:\\\/\\\/spgautomotive.com\\\/products\\\/engine\\\/lubrication\\\/oil-dipsticks\\\/caps-covers-oil-dipsticks\\\/engine-oil-dipstick-16\\\/\"]}]},{\"@type\":\"ImageObject\",\"inLanguage\":\"tr\",\"@id\":\"https:\\\/\\\/spgautomotive.com\\\/products\\\/engine\\\/lubrication\\\/oil-dipsticks\\\/caps-covers-oil-dipsticks\\\/engine-oil-dipstick-16\\\/#primaryimage\",\"url\":\"https:\\\/\\\/i0.wp.com\\\/spgautomotive.com\\\/wp-content\\\/uploads\\\/SPG003629.jpg?fit=511%2C345&ssl=1\",\"contentUrl\":\"https:\\\/\\\/i0.wp.com\\\/spgautomotive.com\\\/wp-content\\\/uploads\\\/SPG003629.jpg?fit=511%2C345&ssl=1\",\"width\":511,\"height\":345},{\"@type\":\"BreadcrumbList\",\"@id\":\"https:\\\/\\\/spgautomotive.com\\\/products\\\/engine\\\/lubrication\\\/oil-dipsticks\\\/caps-covers-oil-dipsticks\\\/engine-oil-dipstick-16\\\/#breadcrumb\",\"itemListElement\":[{\"@type\":\"ListItem\",\"position\":1,\"name\":\"Home\",\"item\":\"https:\\\/\\\/spgautomotive.com\\\/\"},{\"@type\":\"ListItem\",\"position\":2,\"name\":\"Products\",\"item\":\"https:\\\/\\\/spgautomotive.com\\\/products\\\/\"},{\"@type\":\"ListItem\",\"position\":3,\"name\":\"Engine Oil Dipstick\"}]},{\"@type\":\"WebSite\",\"@id\":\"https:\\\/\\\/spgautomotive.com\\\/#website\",\"url\":\"https:\\\/\\\/spgautomotive.com\\\/\",\"name\":\"SPG Automotive\",\"description\":\"\",\"publisher\":{\"@id\":\"https:\\\/\\\/spgautomotive.com\\\/#organization\"},\"potentialAction\":[{\"@type\":\"SearchAction\",\"target\":{\"@type\":\"EntryPoint\",\"urlTemplate\":\"https:\\\/\\\/spgautomotive.com\\\/?s={search_term_string}\"},\"query-input\":{\"@type\":\"PropertyValueSpecification\",\"valueRequired\":true,\"valueName\":\"search_term_string\"}}],\"inLanguage\":\"tr\"},{\"@type\":\"Organization\",\"@id\":\"https:\\\/\\\/spgautomotive.com\\\/#organization\",\"name\":\"SPG Automotive\",\"url\":\"https:\\\/\\\/spgautomotive.com\\\/\",\"logo\":{\"@type\":\"ImageObject\",\"inLanguage\":\"tr\",\"@id\":\"https:\\\/\\\/spgautomotive.com\\\/#\\\/schema\\\/logo\\\/image\\\/\",\"url\":\"https:\\\/\\\/i0.wp.com\\\/spgautomotive.com\\\/wp-content\\\/uploads\\\/spg-215-50.png?fit=215%2C50&ssl=1\",\"contentUrl\":\"https:\\\/\\\/i0.wp.com\\\/spgautomotive.com\\\/wp-content\\\/uploads\\\/spg-215-50.png?fit=215%2C50&ssl=1\",\"width\":215,\"height\":50,\"caption\":\"SPG Automotive\"},\"image\":{\"@id\":\"https:\\\/\\\/spgautomotive.com\\\/#\\\/schema\\\/logo\\\/image\\\/\"}}]}<\/script>\n<!-- \/ Yoast SEO plugin. -->","yoast_head_json":{"title":"Engine Oil Dipstick - SPG Automotive","robots":{"index":"index","follow":"follow","max-snippet":"max-snippet:-1","max-image-preview":"max-image-preview:large","max-video-preview":"max-video-preview:-1"},"canonical":"https:\/\/spgautomotive.com\/tr\/products\/engine\/lubrication\/oil-dipsticks\/caps-covers-oil-dipsticks\/engine-oil-dipstick-16\/","og_locale":"tr_TR","og_type":"article","og_title":"Engine Oil Dipstick - SPG Automotive","og_description":"Minimum order quantity of this item is 1 pcs","og_url":"https:\/\/spgautomotive.com\/tr\/products\/engine\/lubrication\/oil-dipsticks\/caps-covers-oil-dipsticks\/engine-oil-dipstick-16\/","og_site_name":"SPG Automotive","article_modified_time":"2023-10-25T11:43:31+00:00","og_image":[{"width":511,"height":345,"url":"https:\/\/spgautomotive.com\/wp-content\/uploads\/SPG003629.jpg","type":"image\/jpeg"}],"twitter_card":"summary_large_image","schema":{"@context":"https:\/\/schema.org","@graph":[{"@type":"WebPage","@id":"https:\/\/spgautomotive.com\/products\/engine\/lubrication\/oil-dipsticks\/caps-covers-oil-dipsticks\/engine-oil-dipstick-16\/","url":"https:\/\/spgautomotive.com\/products\/engine\/lubrication\/oil-dipsticks\/caps-covers-oil-dipsticks\/engine-oil-dipstick-16\/","name":"Engine Oil Dipstick - SPG Automotive","isPartOf":{"@id":"https:\/\/spgautomotive.com\/#website"},"primaryImageOfPage":{"@id":"https:\/\/spgautomotive.com\/products\/engine\/lubrication\/oil-dipsticks\/caps-covers-oil-dipsticks\/engine-oil-dipstick-16\/#primaryimage"},"image":{"@id":"https:\/\/spgautomotive.com\/products\/engine\/lubrication\/oil-dipsticks\/caps-covers-oil-dipsticks\/engine-oil-dipstick-16\/#primaryimage"},"thumbnailUrl":"https:\/\/i0.wp.com\/spgautomotive.com\/wp-content\/uploads\/SPG003629.jpg?fit=511%2C345&ssl=1","datePublished":"2023-08-09T11:04:25+00:00","dateModified":"2023-10-25T11:43:31+00:00","breadcrumb":{"@id":"https:\/\/spgautomotive.com\/products\/engine\/lubrication\/oil-dipsticks\/caps-covers-oil-dipsticks\/engine-oil-dipstick-16\/#breadcrumb"},"inLanguage":"tr","potentialAction":[{"@type":"ReadAction","target":["https:\/\/spgautomotive.com\/products\/engine\/lubrication\/oil-dipsticks\/caps-covers-oil-dipsticks\/engine-oil-dipstick-16\/"]}]},{"@type":"ImageObject","inLanguage":"tr","@id":"https:\/\/spgautomotive.com\/products\/engine\/lubrication\/oil-dipsticks\/caps-covers-oil-dipsticks\/engine-oil-dipstick-16\/#primaryimage","url":"https:\/\/i0.wp.com\/spgautomotive.com\/wp-content\/uploads\/SPG003629.jpg?fit=511%2C345&ssl=1","contentUrl":"https:\/\/i0.wp.com\/spgautomotive.com\/wp-content\/uploads\/SPG003629.jpg?fit=511%2C345&ssl=1","width":511,"height":345},{"@type":"BreadcrumbList","@id":"https:\/\/spgautomotive.com\/products\/engine\/lubrication\/oil-dipsticks\/caps-covers-oil-dipsticks\/engine-oil-dipstick-16\/#breadcrumb","itemListElement":[{"@type":"ListItem","position":1,"name":"Home","item":"https:\/\/spgautomotive.com\/"},{"@type":"ListItem","position":2,"name":"Products","item":"https:\/\/spgautomotive.com\/products\/"},{"@type":"ListItem","position":3,"name":"Engine Oil Dipstick"}]},{"@type":"WebSite","@id":"https:\/\/spgautomotive.com\/#website","url":"https:\/\/spgautomotive.com\/","name":"SPG Automotive","description":"","publisher":{"@id":"https:\/\/spgautomotive.com\/#organization"},"potentialAction":[{"@type":"SearchAction","target":{"@type":"EntryPoint","urlTemplate":"https:\/\/spgautomotive.com\/?s={search_term_string}"},"query-input":{"@type":"PropertyValueSpecification","valueRequired":true,"valueName":"search_term_string"}}],"inLanguage":"tr"},{"@type":"Organization","@id":"https:\/\/spgautomotive.com\/#organization","name":"SPG Automotive","url":"https:\/\/spgautomotive.com\/","logo":{"@type":"ImageObject","inLanguage":"tr","@id":"https:\/\/spgautomotive.com\/#\/schema\/logo\/image\/","url":"https:\/\/i0.wp.com\/spgautomotive.com\/wp-content\/uploads\/spg-215-50.png?fit=215%2C50&ssl=1","contentUrl":"https:\/\/i0.wp.com\/spgautomotive.com\/wp-content\/uploads\/spg-215-50.png?fit=215%2C50&ssl=1","width":215,"height":50,"caption":"SPG Automotive"},"image":{"@id":"https:\/\/spgautomotive.com\/#\/schema\/logo\/image\/"}}]}},"jetpack_sharing_enabled":true,"_links":{"self":[{"href":"https:\/\/spgautomotive.com\/tr\/wp-json\/wp\/v2\/product\/12459","targetHints":{"allow":["GET"]}}],"collection":[{"href":"https:\/\/spgautomotive.com\/tr\/wp-json\/wp\/v2\/product"}],"about":[{"href":"https:\/\/spgautomotive.com\/tr\/wp-json\/wp\/v2\/types\/product"}],"wp:featuredmedia":[{"embeddable":true,"href":"https:\/\/spgautomotive.com\/tr\/wp-json\/wp\/v2\/media\/7572"}],"wp:attachment":[{"href":"https:\/\/spgautomotive.com\/tr\/wp-json\/wp\/v2\/media?parent=12459"}],"wp:term":[{"taxonomy":"product_brand","embeddable":true,"href":"https:\/\/spgautomotive.com\/tr\/wp-json\/wp\/v2\/product_brand?post=12459"},{"taxonomy":"product_cat","embeddable":true,"href":"https:\/\/spgautomotive.com\/tr\/wp-json\/wp\/v2\/product_cat?post=12459"},{"taxonomy":"product_tag","embeddable":true,"href":"https:\/\/spgautomotive.com\/tr\/wp-json\/wp\/v2\/product_tag?post=12459"}],"curies":[{"name":"wp","href":"https:\/\/api.w.org\/{rel}","templated":true}]}}