{"id":12454,"date":"2023-08-09T11:04:25","date_gmt":"2023-08-09T11:04:25","guid":{"rendered":"https:\/\/spgautomotive.com\/?product=egr-actuator-gear-6"},"modified":"2023-10-25T11:43:30","modified_gmt":"2023-10-25T11:43:30","slug":"egr-actuator-gear-6","status":"publish","type":"product","link":"https:\/\/spgautomotive.com\/tr\/products\/engine\/intake\/manifold\/egr\/egr-actuator-gear-6\/","title":{"rendered":"EGR Di\u015flisi"},"content":{"rendered":"<p>SPG003622 , 06F131503B, 06F131503A, 408265001002Z, V10630053, 06F131503B, 06F131503A, 408265001002Z, V10630053, 18111-67JG3, 8200796571, A2C53025930, A2C53026301, 8200507299, 8200194323, 147106672R, 8200850755, 8200630740, 8200411031, 8200609274, H8200194323 , VOLKSWAGEN | AUDI | SEAT | SKODA | RENAULT | SUZUKI , EOS (2006 &#8211; 2008) 2.0 FSI, Golf PLUS (2005  -2008) 2.0 FSI, Golf MK5 (2004 &#8211; 2008) 2.0 FSI, Jetta MK3 (2005 &#8211; 2010) 2.0 FSI, Passat B6 (2005 &#8211; 2010) 2.0 FSI,Touran (2003 &#8211; 2007) 2.0 FSI, Octavia MK2 1Z (2004 &#8211; 2013) 2.0 FSI ,Leon MK2 1P (2005 &#8211; 2012) 2.0 FSI, Toledo MK3 5P (2004 &#8211; 2009) 2.0 FSI, Altea 4 XL Freetrack (2006 &#8211; 2015) 2.0 FSI, A3 MK2 (2003 &#8211; 2013) 2.0 FSI, Grand Vitara MK2 FT\/GT (1998 &#8211; 2005) 1.9 DDIS, Laguna MK2 1.9 DCI (2000 &#8211; 2007) 1.9 DCI, Megane MK2 (2002 &#8211; 2008) 1.9 DCI, Scenic MK2 (2003 &#8211; 2008) 1.9 DCI, Grand Scenic MK2 (2005 &#8211; 2008) 1.9 DCI, Golf Rabbit MK5\/A5, Typ 1K; (2003 \u2013 2009)<\/p>","protected":false},"excerpt":{"rendered":"<p>Bu \u00fcr\u00fcn i\u00e7in minimum sipari\u015f adedi 1 adettir<\/p>","protected":false},"featured_media":7567,"template":"","meta":{"_acf_changed":false,"jetpack_post_was_ever_published":false},"product_brand":[],"product_cat":[5717],"product_tag":[2934,2933,2943,2937,2935,2942,2946,2941,2947,2945,2938,2944,2939,2940,2948,2936],"class_list":{"0":"post-12454","1":"product","2":"type-product","3":"status-publish","4":"has-post-thumbnail","6":"product_cat-egr","7":"product_tag-06f131503a","8":"product_tag-06f131503b","9":"product_tag-147106672r","10":"product_tag-18111-67jg3","11":"product_tag-408265001002z","12":"product_tag-2942","13":"product_tag-2946","14":"product_tag-2941","15":"product_tag-2947","16":"product_tag-2945","17":"product_tag-2938","18":"product_tag-2944","19":"product_tag-a2c53025930","20":"product_tag-a2c53026301","21":"product_tag-h8200194323","22":"product_tag-v10630053","23":"pa_brand-audi","24":"pa_brand-renault","25":"pa_brand-seat","26":"pa_brand-skoda","27":"pa_brand-suzuki","28":"pa_brand-volkswagen","29":"pa_categories-egr","30":"pa_features-info-2-0-fsi-1-9-1-9-dci","31":"pa_model-a3-mk2-2003-2013-2-0-fsi","32":"pa_model-altea-4-xl-freetrack-2006-2015-2-0-fsi","33":"pa_model-eos-2006-2008-2-0-fsi","34":"pa_model-golf-mk5-2004-2008-2-0-fsi","35":"pa_model-golf-plus-2005-2008-2-0-fsi","36":"pa_model-golf-rabbit-mk5-a5","37":"pa_model-grand-scenic-mk2-2005-2008-1-9-dci","38":"pa_model-grand-vitara-mk2-ft-gt-1998-2005-1-9-ddis","39":"pa_model-jetta-mk3-2005-2010-2-0-fsi","40":"pa_model-laguna-mk2-1-9-dci-2000-2007-1-9-dci","41":"pa_model-leon-mk2-1p-2005-2012-2-0-fsi","42":"pa_model-megane-mk2-2002-2008-1-9-dci","43":"pa_model-octavia-mk2-1z-2004-2013-2-0-fsi","44":"pa_model-passat-b6-2005-2010-2-0-fsi","45":"pa_model-scenic-mk2-2003-2008-1-9-dci","46":"pa_model-toledo-mk3-5p-2004-2009-2-0-fsi","47":"pa_model-touran-2003-2007-2-0-fsi","48":"pa_model-typ-1k-2003-2009","49":"pa_oem-06f131503a","50":"pa_oem-06f131503b","51":"pa_oem-147106672r","52":"pa_oem-18111-67jg3","53":"pa_oem-408265001002z","54":"pa_oem-10446","55":"pa_oem-10450","56":"pa_oem-10445","57":"pa_oem-10451","58":"pa_oem-10449","59":"pa_oem-10442","60":"pa_oem-10448","61":"pa_oem-a2c53025930","62":"pa_oem-a2c53026301","63":"pa_oem-h8200194323","64":"pa_oem-v10630053","66":"first","67":"instock","68":"taxable","69":"shipping-taxable","70":"product-type-simple"},"acf":[],"yoast_head":"<!-- This site is optimized with the Yoast SEO plugin v27.3 - https:\/\/yoast.com\/product\/yoast-seo-wordpress\/ -->\n<title>EGR Actuator Gear - SPG Automotive<\/title>\n<meta name=\"robots\" content=\"index, follow, max-snippet:-1, max-image-preview:large, max-video-preview:-1\" \/>\n<link rel=\"canonical\" href=\"https:\/\/spgautomotive.com\/tr\/products\/engine\/intake\/manifold\/egr\/egr-actuator-gear-6\/\" \/>\n<meta property=\"og:locale\" content=\"tr_TR\" \/>\n<meta property=\"og:type\" content=\"article\" \/>\n<meta property=\"og:title\" content=\"EGR Actuator Gear - SPG Automotive\" \/>\n<meta property=\"og:description\" content=\"Minimum order quantity of this item is 1 pcs\" \/>\n<meta property=\"og:url\" content=\"https:\/\/spgautomotive.com\/tr\/products\/engine\/intake\/manifold\/egr\/egr-actuator-gear-6\/\" \/>\n<meta property=\"og:site_name\" content=\"SPG Automotive\" \/>\n<meta property=\"article:modified_time\" content=\"2023-10-25T11:43:30+00:00\" \/>\n<meta property=\"og:image\" content=\"https:\/\/spgautomotive.com\/wp-content\/uploads\/SPG003622.jpg\" \/>\n\t<meta property=\"og:image:width\" content=\"759\" \/>\n\t<meta property=\"og:image:height\" content=\"527\" \/>\n\t<meta property=\"og:image:type\" content=\"image\/jpeg\" \/>\n<meta name=\"twitter:card\" content=\"summary_large_image\" \/>\n<meta name=\"twitter:label1\" content=\"Tahmini okuma s\u00fcresi\" \/>\n\t<meta name=\"twitter:data1\" content=\"1 dakika\" \/>\n<script type=\"application\/ld+json\" class=\"yoast-schema-graph\">{\"@context\":\"https:\\\/\\\/schema.org\",\"@graph\":[{\"@type\":\"WebPage\",\"@id\":\"https:\\\/\\\/spgautomotive.com\\\/products\\\/engine\\\/intake\\\/manifold\\\/egr\\\/egr-actuator-gear-6\\\/\",\"url\":\"https:\\\/\\\/spgautomotive.com\\\/products\\\/engine\\\/intake\\\/manifold\\\/egr\\\/egr-actuator-gear-6\\\/\",\"name\":\"EGR Actuator Gear - SPG Automotive\",\"isPartOf\":{\"@id\":\"https:\\\/\\\/spgautomotive.com\\\/#website\"},\"primaryImageOfPage\":{\"@id\":\"https:\\\/\\\/spgautomotive.com\\\/products\\\/engine\\\/intake\\\/manifold\\\/egr\\\/egr-actuator-gear-6\\\/#primaryimage\"},\"image\":{\"@id\":\"https:\\\/\\\/spgautomotive.com\\\/products\\\/engine\\\/intake\\\/manifold\\\/egr\\\/egr-actuator-gear-6\\\/#primaryimage\"},\"thumbnailUrl\":\"https:\\\/\\\/i0.wp.com\\\/spgautomotive.com\\\/wp-content\\\/uploads\\\/SPG003622.jpg?fit=759%2C527&ssl=1\",\"datePublished\":\"2023-08-09T11:04:25+00:00\",\"dateModified\":\"2023-10-25T11:43:30+00:00\",\"breadcrumb\":{\"@id\":\"https:\\\/\\\/spgautomotive.com\\\/products\\\/engine\\\/intake\\\/manifold\\\/egr\\\/egr-actuator-gear-6\\\/#breadcrumb\"},\"inLanguage\":\"tr\",\"potentialAction\":[{\"@type\":\"ReadAction\",\"target\":[\"https:\\\/\\\/spgautomotive.com\\\/products\\\/engine\\\/intake\\\/manifold\\\/egr\\\/egr-actuator-gear-6\\\/\"]}]},{\"@type\":\"ImageObject\",\"inLanguage\":\"tr\",\"@id\":\"https:\\\/\\\/spgautomotive.com\\\/products\\\/engine\\\/intake\\\/manifold\\\/egr\\\/egr-actuator-gear-6\\\/#primaryimage\",\"url\":\"https:\\\/\\\/i0.wp.com\\\/spgautomotive.com\\\/wp-content\\\/uploads\\\/SPG003622.jpg?fit=759%2C527&ssl=1\",\"contentUrl\":\"https:\\\/\\\/i0.wp.com\\\/spgautomotive.com\\\/wp-content\\\/uploads\\\/SPG003622.jpg?fit=759%2C527&ssl=1\",\"width\":759,\"height\":527},{\"@type\":\"BreadcrumbList\",\"@id\":\"https:\\\/\\\/spgautomotive.com\\\/products\\\/engine\\\/intake\\\/manifold\\\/egr\\\/egr-actuator-gear-6\\\/#breadcrumb\",\"itemListElement\":[{\"@type\":\"ListItem\",\"position\":1,\"name\":\"Home\",\"item\":\"https:\\\/\\\/spgautomotive.com\\\/\"},{\"@type\":\"ListItem\",\"position\":2,\"name\":\"Products\",\"item\":\"https:\\\/\\\/spgautomotive.com\\\/products\\\/\"},{\"@type\":\"ListItem\",\"position\":3,\"name\":\"EGR Actuator Gear\"}]},{\"@type\":\"WebSite\",\"@id\":\"https:\\\/\\\/spgautomotive.com\\\/#website\",\"url\":\"https:\\\/\\\/spgautomotive.com\\\/\",\"name\":\"SPG Automotive\",\"description\":\"\",\"publisher\":{\"@id\":\"https:\\\/\\\/spgautomotive.com\\\/#organization\"},\"potentialAction\":[{\"@type\":\"SearchAction\",\"target\":{\"@type\":\"EntryPoint\",\"urlTemplate\":\"https:\\\/\\\/spgautomotive.com\\\/?s={search_term_string}\"},\"query-input\":{\"@type\":\"PropertyValueSpecification\",\"valueRequired\":true,\"valueName\":\"search_term_string\"}}],\"inLanguage\":\"tr\"},{\"@type\":\"Organization\",\"@id\":\"https:\\\/\\\/spgautomotive.com\\\/#organization\",\"name\":\"SPG Automotive\",\"url\":\"https:\\\/\\\/spgautomotive.com\\\/\",\"logo\":{\"@type\":\"ImageObject\",\"inLanguage\":\"tr\",\"@id\":\"https:\\\/\\\/spgautomotive.com\\\/#\\\/schema\\\/logo\\\/image\\\/\",\"url\":\"https:\\\/\\\/i0.wp.com\\\/spgautomotive.com\\\/wp-content\\\/uploads\\\/spg-215-50.png?fit=215%2C50&ssl=1\",\"contentUrl\":\"https:\\\/\\\/i0.wp.com\\\/spgautomotive.com\\\/wp-content\\\/uploads\\\/spg-215-50.png?fit=215%2C50&ssl=1\",\"width\":215,\"height\":50,\"caption\":\"SPG Automotive\"},\"image\":{\"@id\":\"https:\\\/\\\/spgautomotive.com\\\/#\\\/schema\\\/logo\\\/image\\\/\"}}]}<\/script>\n<!-- \/ Yoast SEO plugin. -->","yoast_head_json":{"title":"EGR Actuator Gear - SPG Automotive","robots":{"index":"index","follow":"follow","max-snippet":"max-snippet:-1","max-image-preview":"max-image-preview:large","max-video-preview":"max-video-preview:-1"},"canonical":"https:\/\/spgautomotive.com\/tr\/products\/engine\/intake\/manifold\/egr\/egr-actuator-gear-6\/","og_locale":"tr_TR","og_type":"article","og_title":"EGR Actuator Gear - SPG Automotive","og_description":"Minimum order quantity of this item is 1 pcs","og_url":"https:\/\/spgautomotive.com\/tr\/products\/engine\/intake\/manifold\/egr\/egr-actuator-gear-6\/","og_site_name":"SPG Automotive","article_modified_time":"2023-10-25T11:43:30+00:00","og_image":[{"width":759,"height":527,"url":"https:\/\/spgautomotive.com\/wp-content\/uploads\/SPG003622.jpg","type":"image\/jpeg"}],"twitter_card":"summary_large_image","twitter_misc":{"Tahmini okuma s\u00fcresi":"1 dakika"},"schema":{"@context":"https:\/\/schema.org","@graph":[{"@type":"WebPage","@id":"https:\/\/spgautomotive.com\/products\/engine\/intake\/manifold\/egr\/egr-actuator-gear-6\/","url":"https:\/\/spgautomotive.com\/products\/engine\/intake\/manifold\/egr\/egr-actuator-gear-6\/","name":"EGR Actuator Gear - SPG Automotive","isPartOf":{"@id":"https:\/\/spgautomotive.com\/#website"},"primaryImageOfPage":{"@id":"https:\/\/spgautomotive.com\/products\/engine\/intake\/manifold\/egr\/egr-actuator-gear-6\/#primaryimage"},"image":{"@id":"https:\/\/spgautomotive.com\/products\/engine\/intake\/manifold\/egr\/egr-actuator-gear-6\/#primaryimage"},"thumbnailUrl":"https:\/\/i0.wp.com\/spgautomotive.com\/wp-content\/uploads\/SPG003622.jpg?fit=759%2C527&ssl=1","datePublished":"2023-08-09T11:04:25+00:00","dateModified":"2023-10-25T11:43:30+00:00","breadcrumb":{"@id":"https:\/\/spgautomotive.com\/products\/engine\/intake\/manifold\/egr\/egr-actuator-gear-6\/#breadcrumb"},"inLanguage":"tr","potentialAction":[{"@type":"ReadAction","target":["https:\/\/spgautomotive.com\/products\/engine\/intake\/manifold\/egr\/egr-actuator-gear-6\/"]}]},{"@type":"ImageObject","inLanguage":"tr","@id":"https:\/\/spgautomotive.com\/products\/engine\/intake\/manifold\/egr\/egr-actuator-gear-6\/#primaryimage","url":"https:\/\/i0.wp.com\/spgautomotive.com\/wp-content\/uploads\/SPG003622.jpg?fit=759%2C527&ssl=1","contentUrl":"https:\/\/i0.wp.com\/spgautomotive.com\/wp-content\/uploads\/SPG003622.jpg?fit=759%2C527&ssl=1","width":759,"height":527},{"@type":"BreadcrumbList","@id":"https:\/\/spgautomotive.com\/products\/engine\/intake\/manifold\/egr\/egr-actuator-gear-6\/#breadcrumb","itemListElement":[{"@type":"ListItem","position":1,"name":"Home","item":"https:\/\/spgautomotive.com\/"},{"@type":"ListItem","position":2,"name":"Products","item":"https:\/\/spgautomotive.com\/products\/"},{"@type":"ListItem","position":3,"name":"EGR Actuator Gear"}]},{"@type":"WebSite","@id":"https:\/\/spgautomotive.com\/#website","url":"https:\/\/spgautomotive.com\/","name":"SPG Automotive","description":"","publisher":{"@id":"https:\/\/spgautomotive.com\/#organization"},"potentialAction":[{"@type":"SearchAction","target":{"@type":"EntryPoint","urlTemplate":"https:\/\/spgautomotive.com\/?s={search_term_string}"},"query-input":{"@type":"PropertyValueSpecification","valueRequired":true,"valueName":"search_term_string"}}],"inLanguage":"tr"},{"@type":"Organization","@id":"https:\/\/spgautomotive.com\/#organization","name":"SPG Automotive","url":"https:\/\/spgautomotive.com\/","logo":{"@type":"ImageObject","inLanguage":"tr","@id":"https:\/\/spgautomotive.com\/#\/schema\/logo\/image\/","url":"https:\/\/i0.wp.com\/spgautomotive.com\/wp-content\/uploads\/spg-215-50.png?fit=215%2C50&ssl=1","contentUrl":"https:\/\/i0.wp.com\/spgautomotive.com\/wp-content\/uploads\/spg-215-50.png?fit=215%2C50&ssl=1","width":215,"height":50,"caption":"SPG Automotive"},"image":{"@id":"https:\/\/spgautomotive.com\/#\/schema\/logo\/image\/"}}]}},"jetpack_sharing_enabled":true,"_links":{"self":[{"href":"https:\/\/spgautomotive.com\/tr\/wp-json\/wp\/v2\/product\/12454","targetHints":{"allow":["GET"]}}],"collection":[{"href":"https:\/\/spgautomotive.com\/tr\/wp-json\/wp\/v2\/product"}],"about":[{"href":"https:\/\/spgautomotive.com\/tr\/wp-json\/wp\/v2\/types\/product"}],"wp:featuredmedia":[{"embeddable":true,"href":"https:\/\/spgautomotive.com\/tr\/wp-json\/wp\/v2\/media\/7567"}],"wp:attachment":[{"href":"https:\/\/spgautomotive.com\/tr\/wp-json\/wp\/v2\/media?parent=12454"}],"wp:term":[{"taxonomy":"product_brand","embeddable":true,"href":"https:\/\/spgautomotive.com\/tr\/wp-json\/wp\/v2\/product_brand?post=12454"},{"taxonomy":"product_cat","embeddable":true,"href":"https:\/\/spgautomotive.com\/tr\/wp-json\/wp\/v2\/product_cat?post=12454"},{"taxonomy":"product_tag","embeddable":true,"href":"https:\/\/spgautomotive.com\/tr\/wp-json\/wp\/v2\/product_tag?post=12454"}],"curies":[{"name":"wp","href":"https:\/\/api.w.org\/{rel}","templated":true}]}}