{"id":12225,"date":"2023-08-09T11:04:14","date_gmt":"2023-08-09T11:04:14","guid":{"rendered":"https:\/\/spgautomotive.com\/?product=sunroof-shade-slider-8"},"modified":"2023-10-25T11:43:02","modified_gmt":"2023-10-25T11:43:02","slug":"sunroof-shade-slider-8","status":"publish","type":"product","link":"https:\/\/spgautomotive.com\/tr\/products\/body\/interior\/sunroof-interior\/sliders\/sunroof-shade-slider-8\/","title":{"rendered":"Sunroof Perde K\u0131za\u011f\u0131"},"content":{"rendered":"<p>SPG003384 , CLS-00291, 1K9898912A, 1K9898912B, 516714438, 1K9877307A, 1K9877307B, 1K9-898-912-A, 1K9-898-912-B, 516-714-438, 1K9-877-307-A, 1K9-877-307-B, 1K9 898 912 A, 1K9 898 912 B, 516 714 438, 1K9 877 307 A, 1K9 877 307 B, 88771226802, 88771226902, 88980885502, 88980885602 , VOLKSWAGEN | AUDI , Touareg, Q7<\/p>","protected":false},"excerpt":{"rendered":"<p>Bu \u00fcr\u00fcn i\u00e7in minimum sipari\u015f adedi 1 adettir<\/p>","protected":false},"featured_media":7331,"template":"","meta":{"_acf_changed":false,"jetpack_post_was_ever_published":false},"product_brand":[],"product_cat":[5626],"product_tag":[2798,2799,2795,2796,2793,2794,2790,2791,2788,2789,2785,2786,2797,2792,2787,2800,2801,2802,2803,2784],"class_list":{"0":"post-12225","1":"product","2":"type-product","3":"status-publish","4":"has-post-thumbnail","6":"product_cat-sliders","7":"product_tag-1k9-877-307-a-2","8":"product_tag-1k9-877-307-b-2","9":"product_tag-1k9-898-912-a-2","10":"product_tag-1k9-898-912-b-2","11":"product_tag-1k9-877-307-a","12":"product_tag-1k9-877-307-b","13":"product_tag-1k9-898-912-a","14":"product_tag-1k9-898-912-b","15":"product_tag-1k9877307a","16":"product_tag-1k9877307b","17":"product_tag-1k9898912a","18":"product_tag-1k9898912b","19":"product_tag-516-714-438-2","20":"product_tag-516-714-438","21":"product_tag-2787","22":"product_tag-2800","23":"product_tag-2801","24":"product_tag-2802","25":"product_tag-2803","26":"product_tag-cls-00291","27":"pa_brand-audi","28":"pa_brand-volkswagen","29":"pa_categories-sliders","30":"pa_color-black","31":"pa_direction-location-sunroof","32":"pa_features-info-2-pcs-kit","33":"pa_model-q7","34":"pa_model-touareg","35":"pa_oem-1k9-877-307-a-3","36":"pa_oem-1k9-877-307-b-3","37":"pa_oem-1k9-898-912-a-3","38":"pa_oem-1k9-898-912-b-3","39":"pa_oem-1k9-877-307-a","40":"pa_oem-1k9-877-307-b","41":"pa_oem-1k9-898-912-a","42":"pa_oem-1k9-898-912-b","43":"pa_oem-1k9877307a","44":"pa_oem-1k9877307b","45":"pa_oem-1k9898912a","46":"pa_oem-1k9898912b","47":"pa_oem-516-714-438-3","48":"pa_oem-516-714-438","49":"pa_oem-10182","50":"pa_oem-10195","51":"pa_oem-10196","52":"pa_oem-10197","53":"pa_oem-10198","54":"pa_oem-cls-00291","56":"first","57":"instock","58":"taxable","59":"shipping-taxable","60":"product-type-simple"},"acf":[],"yoast_head":"<!-- This site is optimized with the Yoast SEO plugin v27.3 - https:\/\/yoast.com\/product\/yoast-seo-wordpress\/ -->\n<title>Sunroof Shade Slider - SPG Automotive<\/title>\n<meta name=\"robots\" content=\"index, follow, max-snippet:-1, max-image-preview:large, max-video-preview:-1\" \/>\n<link rel=\"canonical\" href=\"https:\/\/spgautomotive.com\/tr\/products\/body\/interior\/sunroof-interior\/sliders\/sunroof-shade-slider-8\/\" \/>\n<meta property=\"og:locale\" content=\"tr_TR\" \/>\n<meta property=\"og:type\" content=\"article\" \/>\n<meta property=\"og:title\" content=\"Sunroof Shade Slider - SPG Automotive\" \/>\n<meta property=\"og:description\" content=\"Minimum order quantity of this item is 1 pcs\" \/>\n<meta property=\"og:url\" content=\"https:\/\/spgautomotive.com\/tr\/products\/body\/interior\/sunroof-interior\/sliders\/sunroof-shade-slider-8\/\" \/>\n<meta property=\"og:site_name\" content=\"SPG Automotive\" \/>\n<meta property=\"article:modified_time\" content=\"2023-10-25T11:43:02+00:00\" \/>\n<meta property=\"og:image\" content=\"https:\/\/spgautomotive.com\/wp-content\/uploads\/SPG003384.jpg\" \/>\n\t<meta property=\"og:image:width\" content=\"729\" \/>\n\t<meta property=\"og:image:height\" content=\"487\" \/>\n\t<meta property=\"og:image:type\" content=\"image\/jpeg\" \/>\n<meta name=\"twitter:card\" content=\"summary_large_image\" \/>\n<script type=\"application\/ld+json\" class=\"yoast-schema-graph\">{\"@context\":\"https:\\\/\\\/schema.org\",\"@graph\":[{\"@type\":\"WebPage\",\"@id\":\"https:\\\/\\\/spgautomotive.com\\\/products\\\/body\\\/interior\\\/sunroof-interior\\\/sliders\\\/sunroof-shade-slider-8\\\/\",\"url\":\"https:\\\/\\\/spgautomotive.com\\\/products\\\/body\\\/interior\\\/sunroof-interior\\\/sliders\\\/sunroof-shade-slider-8\\\/\",\"name\":\"Sunroof Shade Slider - SPG Automotive\",\"isPartOf\":{\"@id\":\"https:\\\/\\\/spgautomotive.com\\\/#website\"},\"primaryImageOfPage\":{\"@id\":\"https:\\\/\\\/spgautomotive.com\\\/products\\\/body\\\/interior\\\/sunroof-interior\\\/sliders\\\/sunroof-shade-slider-8\\\/#primaryimage\"},\"image\":{\"@id\":\"https:\\\/\\\/spgautomotive.com\\\/products\\\/body\\\/interior\\\/sunroof-interior\\\/sliders\\\/sunroof-shade-slider-8\\\/#primaryimage\"},\"thumbnailUrl\":\"https:\\\/\\\/i0.wp.com\\\/spgautomotive.com\\\/wp-content\\\/uploads\\\/SPG003384.jpg?fit=729%2C487&ssl=1\",\"datePublished\":\"2023-08-09T11:04:14+00:00\",\"dateModified\":\"2023-10-25T11:43:02+00:00\",\"breadcrumb\":{\"@id\":\"https:\\\/\\\/spgautomotive.com\\\/products\\\/body\\\/interior\\\/sunroof-interior\\\/sliders\\\/sunroof-shade-slider-8\\\/#breadcrumb\"},\"inLanguage\":\"tr\",\"potentialAction\":[{\"@type\":\"ReadAction\",\"target\":[\"https:\\\/\\\/spgautomotive.com\\\/products\\\/body\\\/interior\\\/sunroof-interior\\\/sliders\\\/sunroof-shade-slider-8\\\/\"]}]},{\"@type\":\"ImageObject\",\"inLanguage\":\"tr\",\"@id\":\"https:\\\/\\\/spgautomotive.com\\\/products\\\/body\\\/interior\\\/sunroof-interior\\\/sliders\\\/sunroof-shade-slider-8\\\/#primaryimage\",\"url\":\"https:\\\/\\\/i0.wp.com\\\/spgautomotive.com\\\/wp-content\\\/uploads\\\/SPG003384.jpg?fit=729%2C487&ssl=1\",\"contentUrl\":\"https:\\\/\\\/i0.wp.com\\\/spgautomotive.com\\\/wp-content\\\/uploads\\\/SPG003384.jpg?fit=729%2C487&ssl=1\",\"width\":729,\"height\":487},{\"@type\":\"BreadcrumbList\",\"@id\":\"https:\\\/\\\/spgautomotive.com\\\/products\\\/body\\\/interior\\\/sunroof-interior\\\/sliders\\\/sunroof-shade-slider-8\\\/#breadcrumb\",\"itemListElement\":[{\"@type\":\"ListItem\",\"position\":1,\"name\":\"Home\",\"item\":\"https:\\\/\\\/spgautomotive.com\\\/\"},{\"@type\":\"ListItem\",\"position\":2,\"name\":\"Products\",\"item\":\"https:\\\/\\\/spgautomotive.com\\\/products\\\/\"},{\"@type\":\"ListItem\",\"position\":3,\"name\":\"Sunroof Shade Slider\"}]},{\"@type\":\"WebSite\",\"@id\":\"https:\\\/\\\/spgautomotive.com\\\/#website\",\"url\":\"https:\\\/\\\/spgautomotive.com\\\/\",\"name\":\"SPG Automotive\",\"description\":\"\",\"publisher\":{\"@id\":\"https:\\\/\\\/spgautomotive.com\\\/#organization\"},\"potentialAction\":[{\"@type\":\"SearchAction\",\"target\":{\"@type\":\"EntryPoint\",\"urlTemplate\":\"https:\\\/\\\/spgautomotive.com\\\/?s={search_term_string}\"},\"query-input\":{\"@type\":\"PropertyValueSpecification\",\"valueRequired\":true,\"valueName\":\"search_term_string\"}}],\"inLanguage\":\"tr\"},{\"@type\":\"Organization\",\"@id\":\"https:\\\/\\\/spgautomotive.com\\\/#organization\",\"name\":\"SPG Automotive\",\"url\":\"https:\\\/\\\/spgautomotive.com\\\/\",\"logo\":{\"@type\":\"ImageObject\",\"inLanguage\":\"tr\",\"@id\":\"https:\\\/\\\/spgautomotive.com\\\/#\\\/schema\\\/logo\\\/image\\\/\",\"url\":\"https:\\\/\\\/i0.wp.com\\\/spgautomotive.com\\\/wp-content\\\/uploads\\\/spg-215-50.png?fit=215%2C50&ssl=1\",\"contentUrl\":\"https:\\\/\\\/i0.wp.com\\\/spgautomotive.com\\\/wp-content\\\/uploads\\\/spg-215-50.png?fit=215%2C50&ssl=1\",\"width\":215,\"height\":50,\"caption\":\"SPG Automotive\"},\"image\":{\"@id\":\"https:\\\/\\\/spgautomotive.com\\\/#\\\/schema\\\/logo\\\/image\\\/\"}}]}<\/script>\n<!-- \/ Yoast SEO plugin. -->","yoast_head_json":{"title":"Sunroof Shade Slider - SPG Automotive","robots":{"index":"index","follow":"follow","max-snippet":"max-snippet:-1","max-image-preview":"max-image-preview:large","max-video-preview":"max-video-preview:-1"},"canonical":"https:\/\/spgautomotive.com\/tr\/products\/body\/interior\/sunroof-interior\/sliders\/sunroof-shade-slider-8\/","og_locale":"tr_TR","og_type":"article","og_title":"Sunroof Shade Slider - SPG Automotive","og_description":"Minimum order quantity of this item is 1 pcs","og_url":"https:\/\/spgautomotive.com\/tr\/products\/body\/interior\/sunroof-interior\/sliders\/sunroof-shade-slider-8\/","og_site_name":"SPG Automotive","article_modified_time":"2023-10-25T11:43:02+00:00","og_image":[{"width":729,"height":487,"url":"https:\/\/spgautomotive.com\/wp-content\/uploads\/SPG003384.jpg","type":"image\/jpeg"}],"twitter_card":"summary_large_image","schema":{"@context":"https:\/\/schema.org","@graph":[{"@type":"WebPage","@id":"https:\/\/spgautomotive.com\/products\/body\/interior\/sunroof-interior\/sliders\/sunroof-shade-slider-8\/","url":"https:\/\/spgautomotive.com\/products\/body\/interior\/sunroof-interior\/sliders\/sunroof-shade-slider-8\/","name":"Sunroof Shade Slider - SPG Automotive","isPartOf":{"@id":"https:\/\/spgautomotive.com\/#website"},"primaryImageOfPage":{"@id":"https:\/\/spgautomotive.com\/products\/body\/interior\/sunroof-interior\/sliders\/sunroof-shade-slider-8\/#primaryimage"},"image":{"@id":"https:\/\/spgautomotive.com\/products\/body\/interior\/sunroof-interior\/sliders\/sunroof-shade-slider-8\/#primaryimage"},"thumbnailUrl":"https:\/\/i0.wp.com\/spgautomotive.com\/wp-content\/uploads\/SPG003384.jpg?fit=729%2C487&ssl=1","datePublished":"2023-08-09T11:04:14+00:00","dateModified":"2023-10-25T11:43:02+00:00","breadcrumb":{"@id":"https:\/\/spgautomotive.com\/products\/body\/interior\/sunroof-interior\/sliders\/sunroof-shade-slider-8\/#breadcrumb"},"inLanguage":"tr","potentialAction":[{"@type":"ReadAction","target":["https:\/\/spgautomotive.com\/products\/body\/interior\/sunroof-interior\/sliders\/sunroof-shade-slider-8\/"]}]},{"@type":"ImageObject","inLanguage":"tr","@id":"https:\/\/spgautomotive.com\/products\/body\/interior\/sunroof-interior\/sliders\/sunroof-shade-slider-8\/#primaryimage","url":"https:\/\/i0.wp.com\/spgautomotive.com\/wp-content\/uploads\/SPG003384.jpg?fit=729%2C487&ssl=1","contentUrl":"https:\/\/i0.wp.com\/spgautomotive.com\/wp-content\/uploads\/SPG003384.jpg?fit=729%2C487&ssl=1","width":729,"height":487},{"@type":"BreadcrumbList","@id":"https:\/\/spgautomotive.com\/products\/body\/interior\/sunroof-interior\/sliders\/sunroof-shade-slider-8\/#breadcrumb","itemListElement":[{"@type":"ListItem","position":1,"name":"Home","item":"https:\/\/spgautomotive.com\/"},{"@type":"ListItem","position":2,"name":"Products","item":"https:\/\/spgautomotive.com\/products\/"},{"@type":"ListItem","position":3,"name":"Sunroof Shade Slider"}]},{"@type":"WebSite","@id":"https:\/\/spgautomotive.com\/#website","url":"https:\/\/spgautomotive.com\/","name":"SPG Automotive","description":"","publisher":{"@id":"https:\/\/spgautomotive.com\/#organization"},"potentialAction":[{"@type":"SearchAction","target":{"@type":"EntryPoint","urlTemplate":"https:\/\/spgautomotive.com\/?s={search_term_string}"},"query-input":{"@type":"PropertyValueSpecification","valueRequired":true,"valueName":"search_term_string"}}],"inLanguage":"tr"},{"@type":"Organization","@id":"https:\/\/spgautomotive.com\/#organization","name":"SPG Automotive","url":"https:\/\/spgautomotive.com\/","logo":{"@type":"ImageObject","inLanguage":"tr","@id":"https:\/\/spgautomotive.com\/#\/schema\/logo\/image\/","url":"https:\/\/i0.wp.com\/spgautomotive.com\/wp-content\/uploads\/spg-215-50.png?fit=215%2C50&ssl=1","contentUrl":"https:\/\/i0.wp.com\/spgautomotive.com\/wp-content\/uploads\/spg-215-50.png?fit=215%2C50&ssl=1","width":215,"height":50,"caption":"SPG Automotive"},"image":{"@id":"https:\/\/spgautomotive.com\/#\/schema\/logo\/image\/"}}]}},"jetpack_sharing_enabled":true,"_links":{"self":[{"href":"https:\/\/spgautomotive.com\/tr\/wp-json\/wp\/v2\/product\/12225","targetHints":{"allow":["GET"]}}],"collection":[{"href":"https:\/\/spgautomotive.com\/tr\/wp-json\/wp\/v2\/product"}],"about":[{"href":"https:\/\/spgautomotive.com\/tr\/wp-json\/wp\/v2\/types\/product"}],"wp:featuredmedia":[{"embeddable":true,"href":"https:\/\/spgautomotive.com\/tr\/wp-json\/wp\/v2\/media\/7331"}],"wp:attachment":[{"href":"https:\/\/spgautomotive.com\/tr\/wp-json\/wp\/v2\/media?parent=12225"}],"wp:term":[{"taxonomy":"product_brand","embeddable":true,"href":"https:\/\/spgautomotive.com\/tr\/wp-json\/wp\/v2\/product_brand?post=12225"},{"taxonomy":"product_cat","embeddable":true,"href":"https:\/\/spgautomotive.com\/tr\/wp-json\/wp\/v2\/product_cat?post=12225"},{"taxonomy":"product_tag","embeddable":true,"href":"https:\/\/spgautomotive.com\/tr\/wp-json\/wp\/v2\/product_tag?post=12225"}],"curies":[{"name":"wp","href":"https:\/\/api.w.org\/{rel}","templated":true}]}}