{"id":11180,"date":"2023-08-09T10:39:59","date_gmt":"2023-08-09T10:39:59","guid":{"rendered":"https:\/\/spgautomotive.com\/?product=water-pump-oil-cooler-connection-pipe"},"modified":"2023-10-25T11:40:50","modified_gmt":"2023-10-25T11:40:50","slug":"water-pump-oil-cooler-connection-pipe","status":"publish","type":"product","link":"https:\/\/spgautomotive.com\/tr\/products\/engine\/lubrication\/oil-cooler\/connectors-oil-cooler\/water-pump-oil-cooler-connection-pipe\/","title":{"rendered":"Su Pompas\u0131 Ya\u011f So\u011futucu Ba\u011flant\u0131 Borusu"},"content":{"rendered":"<p>SPG002273 , LR028136, 8W93-6N793-BA , LAND ROVER , Range Rover, Range Rover Sport LR4, Discovery 3 \/ 4<\/p>","protected":false},"excerpt":{"rendered":"<p>Bu \u00fcr\u00fcn i\u00e7in minimum sipari\u015f adedi 1 adettir<\/p>","protected":false},"featured_media":6044,"template":"","meta":{"_acf_changed":false,"jetpack_post_was_ever_published":false},"product_brand":[],"product_cat":[5631],"product_tag":[1715,1714],"class_list":{"0":"post-11180","1":"product","2":"type-product","3":"status-publish","4":"has-post-thumbnail","6":"product_cat-connectors-oil-cooler","7":"product_tag-8w93-6n793-ba","8":"product_tag-lr028136","9":"pa_brand-land-rover","10":"pa_categories-connectors","11":"pa_features-info-5-0l-ohc-sgdi-sc-v8-petrol","12":"pa_model-discovery-3-4","13":"pa_model-range-rover","14":"pa_model-range-rover-sport-lr4","15":"pa_oem-8w93-6n793-ba","16":"pa_oem-lr028136","18":"first","19":"instock","20":"taxable","21":"shipping-taxable","22":"product-type-simple"},"acf":[],"yoast_head":"<!-- This site is optimized with the Yoast SEO plugin v27.3 - https:\/\/yoast.com\/product\/yoast-seo-wordpress\/ -->\n<title>Water Pump Oil Cooler Connection Pipe - SPG Automotive<\/title>\n<meta name=\"robots\" content=\"index, follow, max-snippet:-1, max-image-preview:large, max-video-preview:-1\" \/>\n<link rel=\"canonical\" href=\"https:\/\/spgautomotive.com\/tr\/products\/engine\/lubrication\/oil-cooler\/connectors-oil-cooler\/water-pump-oil-cooler-connection-pipe\/\" \/>\n<meta property=\"og:locale\" content=\"tr_TR\" \/>\n<meta property=\"og:type\" content=\"article\" \/>\n<meta property=\"og:title\" content=\"Water Pump Oil Cooler Connection Pipe - SPG Automotive\" \/>\n<meta property=\"og:description\" content=\"Minimum order quantity of this item is 1 pcs\" \/>\n<meta property=\"og:url\" content=\"https:\/\/spgautomotive.com\/tr\/products\/engine\/lubrication\/oil-cooler\/connectors-oil-cooler\/water-pump-oil-cooler-connection-pipe\/\" \/>\n<meta property=\"og:site_name\" content=\"SPG Automotive\" \/>\n<meta property=\"article:modified_time\" content=\"2023-10-25T11:40:50+00:00\" \/>\n<meta property=\"og:image\" content=\"https:\/\/spgautomotive.com\/wp-content\/uploads\/SPG002273.jpg\" \/>\n\t<meta property=\"og:image:width\" content=\"1800\" \/>\n\t<meta property=\"og:image:height\" content=\"1200\" \/>\n\t<meta property=\"og:image:type\" content=\"image\/jpeg\" \/>\n<meta name=\"twitter:card\" content=\"summary_large_image\" \/>\n<script type=\"application\/ld+json\" class=\"yoast-schema-graph\">{\"@context\":\"https:\\\/\\\/schema.org\",\"@graph\":[{\"@type\":\"WebPage\",\"@id\":\"https:\\\/\\\/spgautomotive.com\\\/products\\\/engine\\\/lubrication\\\/oil-cooler\\\/connectors-oil-cooler\\\/water-pump-oil-cooler-connection-pipe\\\/\",\"url\":\"https:\\\/\\\/spgautomotive.com\\\/products\\\/engine\\\/lubrication\\\/oil-cooler\\\/connectors-oil-cooler\\\/water-pump-oil-cooler-connection-pipe\\\/\",\"name\":\"Water Pump Oil Cooler Connection Pipe - SPG Automotive\",\"isPartOf\":{\"@id\":\"https:\\\/\\\/spgautomotive.com\\\/#website\"},\"primaryImageOfPage\":{\"@id\":\"https:\\\/\\\/spgautomotive.com\\\/products\\\/engine\\\/lubrication\\\/oil-cooler\\\/connectors-oil-cooler\\\/water-pump-oil-cooler-connection-pipe\\\/#primaryimage\"},\"image\":{\"@id\":\"https:\\\/\\\/spgautomotive.com\\\/products\\\/engine\\\/lubrication\\\/oil-cooler\\\/connectors-oil-cooler\\\/water-pump-oil-cooler-connection-pipe\\\/#primaryimage\"},\"thumbnailUrl\":\"https:\\\/\\\/i0.wp.com\\\/spgautomotive.com\\\/wp-content\\\/uploads\\\/SPG002273.jpg?fit=1800%2C1200&ssl=1\",\"datePublished\":\"2023-08-09T10:39:59+00:00\",\"dateModified\":\"2023-10-25T11:40:50+00:00\",\"breadcrumb\":{\"@id\":\"https:\\\/\\\/spgautomotive.com\\\/products\\\/engine\\\/lubrication\\\/oil-cooler\\\/connectors-oil-cooler\\\/water-pump-oil-cooler-connection-pipe\\\/#breadcrumb\"},\"inLanguage\":\"tr\",\"potentialAction\":[{\"@type\":\"ReadAction\",\"target\":[\"https:\\\/\\\/spgautomotive.com\\\/products\\\/engine\\\/lubrication\\\/oil-cooler\\\/connectors-oil-cooler\\\/water-pump-oil-cooler-connection-pipe\\\/\"]}]},{\"@type\":\"ImageObject\",\"inLanguage\":\"tr\",\"@id\":\"https:\\\/\\\/spgautomotive.com\\\/products\\\/engine\\\/lubrication\\\/oil-cooler\\\/connectors-oil-cooler\\\/water-pump-oil-cooler-connection-pipe\\\/#primaryimage\",\"url\":\"https:\\\/\\\/i0.wp.com\\\/spgautomotive.com\\\/wp-content\\\/uploads\\\/SPG002273.jpg?fit=1800%2C1200&ssl=1\",\"contentUrl\":\"https:\\\/\\\/i0.wp.com\\\/spgautomotive.com\\\/wp-content\\\/uploads\\\/SPG002273.jpg?fit=1800%2C1200&ssl=1\",\"width\":1800,\"height\":1200},{\"@type\":\"BreadcrumbList\",\"@id\":\"https:\\\/\\\/spgautomotive.com\\\/products\\\/engine\\\/lubrication\\\/oil-cooler\\\/connectors-oil-cooler\\\/water-pump-oil-cooler-connection-pipe\\\/#breadcrumb\",\"itemListElement\":[{\"@type\":\"ListItem\",\"position\":1,\"name\":\"Home\",\"item\":\"https:\\\/\\\/spgautomotive.com\\\/\"},{\"@type\":\"ListItem\",\"position\":2,\"name\":\"Products\",\"item\":\"https:\\\/\\\/spgautomotive.com\\\/products\\\/\"},{\"@type\":\"ListItem\",\"position\":3,\"name\":\"Water Pump Oil Cooler Connection Pipe\"}]},{\"@type\":\"WebSite\",\"@id\":\"https:\\\/\\\/spgautomotive.com\\\/#website\",\"url\":\"https:\\\/\\\/spgautomotive.com\\\/\",\"name\":\"SPG Automotive\",\"description\":\"\",\"publisher\":{\"@id\":\"https:\\\/\\\/spgautomotive.com\\\/#organization\"},\"potentialAction\":[{\"@type\":\"SearchAction\",\"target\":{\"@type\":\"EntryPoint\",\"urlTemplate\":\"https:\\\/\\\/spgautomotive.com\\\/?s={search_term_string}\"},\"query-input\":{\"@type\":\"PropertyValueSpecification\",\"valueRequired\":true,\"valueName\":\"search_term_string\"}}],\"inLanguage\":\"tr\"},{\"@type\":\"Organization\",\"@id\":\"https:\\\/\\\/spgautomotive.com\\\/#organization\",\"name\":\"SPG Automotive\",\"url\":\"https:\\\/\\\/spgautomotive.com\\\/\",\"logo\":{\"@type\":\"ImageObject\",\"inLanguage\":\"tr\",\"@id\":\"https:\\\/\\\/spgautomotive.com\\\/#\\\/schema\\\/logo\\\/image\\\/\",\"url\":\"https:\\\/\\\/i0.wp.com\\\/spgautomotive.com\\\/wp-content\\\/uploads\\\/spg-215-50.png?fit=215%2C50&ssl=1\",\"contentUrl\":\"https:\\\/\\\/i0.wp.com\\\/spgautomotive.com\\\/wp-content\\\/uploads\\\/spg-215-50.png?fit=215%2C50&ssl=1\",\"width\":215,\"height\":50,\"caption\":\"SPG Automotive\"},\"image\":{\"@id\":\"https:\\\/\\\/spgautomotive.com\\\/#\\\/schema\\\/logo\\\/image\\\/\"}}]}<\/script>\n<!-- \/ Yoast SEO plugin. -->","yoast_head_json":{"title":"Water Pump Oil Cooler Connection Pipe - SPG Automotive","robots":{"index":"index","follow":"follow","max-snippet":"max-snippet:-1","max-image-preview":"max-image-preview:large","max-video-preview":"max-video-preview:-1"},"canonical":"https:\/\/spgautomotive.com\/tr\/products\/engine\/lubrication\/oil-cooler\/connectors-oil-cooler\/water-pump-oil-cooler-connection-pipe\/","og_locale":"tr_TR","og_type":"article","og_title":"Water Pump Oil Cooler Connection Pipe - SPG Automotive","og_description":"Minimum order quantity of this item is 1 pcs","og_url":"https:\/\/spgautomotive.com\/tr\/products\/engine\/lubrication\/oil-cooler\/connectors-oil-cooler\/water-pump-oil-cooler-connection-pipe\/","og_site_name":"SPG Automotive","article_modified_time":"2023-10-25T11:40:50+00:00","og_image":[{"width":1800,"height":1200,"url":"https:\/\/spgautomotive.com\/wp-content\/uploads\/SPG002273.jpg","type":"image\/jpeg"}],"twitter_card":"summary_large_image","schema":{"@context":"https:\/\/schema.org","@graph":[{"@type":"WebPage","@id":"https:\/\/spgautomotive.com\/products\/engine\/lubrication\/oil-cooler\/connectors-oil-cooler\/water-pump-oil-cooler-connection-pipe\/","url":"https:\/\/spgautomotive.com\/products\/engine\/lubrication\/oil-cooler\/connectors-oil-cooler\/water-pump-oil-cooler-connection-pipe\/","name":"Water Pump Oil Cooler Connection Pipe - SPG Automotive","isPartOf":{"@id":"https:\/\/spgautomotive.com\/#website"},"primaryImageOfPage":{"@id":"https:\/\/spgautomotive.com\/products\/engine\/lubrication\/oil-cooler\/connectors-oil-cooler\/water-pump-oil-cooler-connection-pipe\/#primaryimage"},"image":{"@id":"https:\/\/spgautomotive.com\/products\/engine\/lubrication\/oil-cooler\/connectors-oil-cooler\/water-pump-oil-cooler-connection-pipe\/#primaryimage"},"thumbnailUrl":"https:\/\/i0.wp.com\/spgautomotive.com\/wp-content\/uploads\/SPG002273.jpg?fit=1800%2C1200&ssl=1","datePublished":"2023-08-09T10:39:59+00:00","dateModified":"2023-10-25T11:40:50+00:00","breadcrumb":{"@id":"https:\/\/spgautomotive.com\/products\/engine\/lubrication\/oil-cooler\/connectors-oil-cooler\/water-pump-oil-cooler-connection-pipe\/#breadcrumb"},"inLanguage":"tr","potentialAction":[{"@type":"ReadAction","target":["https:\/\/spgautomotive.com\/products\/engine\/lubrication\/oil-cooler\/connectors-oil-cooler\/water-pump-oil-cooler-connection-pipe\/"]}]},{"@type":"ImageObject","inLanguage":"tr","@id":"https:\/\/spgautomotive.com\/products\/engine\/lubrication\/oil-cooler\/connectors-oil-cooler\/water-pump-oil-cooler-connection-pipe\/#primaryimage","url":"https:\/\/i0.wp.com\/spgautomotive.com\/wp-content\/uploads\/SPG002273.jpg?fit=1800%2C1200&ssl=1","contentUrl":"https:\/\/i0.wp.com\/spgautomotive.com\/wp-content\/uploads\/SPG002273.jpg?fit=1800%2C1200&ssl=1","width":1800,"height":1200},{"@type":"BreadcrumbList","@id":"https:\/\/spgautomotive.com\/products\/engine\/lubrication\/oil-cooler\/connectors-oil-cooler\/water-pump-oil-cooler-connection-pipe\/#breadcrumb","itemListElement":[{"@type":"ListItem","position":1,"name":"Home","item":"https:\/\/spgautomotive.com\/"},{"@type":"ListItem","position":2,"name":"Products","item":"https:\/\/spgautomotive.com\/products\/"},{"@type":"ListItem","position":3,"name":"Water Pump Oil Cooler Connection Pipe"}]},{"@type":"WebSite","@id":"https:\/\/spgautomotive.com\/#website","url":"https:\/\/spgautomotive.com\/","name":"SPG Automotive","description":"","publisher":{"@id":"https:\/\/spgautomotive.com\/#organization"},"potentialAction":[{"@type":"SearchAction","target":{"@type":"EntryPoint","urlTemplate":"https:\/\/spgautomotive.com\/?s={search_term_string}"},"query-input":{"@type":"PropertyValueSpecification","valueRequired":true,"valueName":"search_term_string"}}],"inLanguage":"tr"},{"@type":"Organization","@id":"https:\/\/spgautomotive.com\/#organization","name":"SPG Automotive","url":"https:\/\/spgautomotive.com\/","logo":{"@type":"ImageObject","inLanguage":"tr","@id":"https:\/\/spgautomotive.com\/#\/schema\/logo\/image\/","url":"https:\/\/i0.wp.com\/spgautomotive.com\/wp-content\/uploads\/spg-215-50.png?fit=215%2C50&ssl=1","contentUrl":"https:\/\/i0.wp.com\/spgautomotive.com\/wp-content\/uploads\/spg-215-50.png?fit=215%2C50&ssl=1","width":215,"height":50,"caption":"SPG Automotive"},"image":{"@id":"https:\/\/spgautomotive.com\/#\/schema\/logo\/image\/"}}]}},"jetpack_sharing_enabled":true,"_links":{"self":[{"href":"https:\/\/spgautomotive.com\/tr\/wp-json\/wp\/v2\/product\/11180","targetHints":{"allow":["GET"]}}],"collection":[{"href":"https:\/\/spgautomotive.com\/tr\/wp-json\/wp\/v2\/product"}],"about":[{"href":"https:\/\/spgautomotive.com\/tr\/wp-json\/wp\/v2\/types\/product"}],"wp:featuredmedia":[{"embeddable":true,"href":"https:\/\/spgautomotive.com\/tr\/wp-json\/wp\/v2\/media\/6044"}],"wp:attachment":[{"href":"https:\/\/spgautomotive.com\/tr\/wp-json\/wp\/v2\/media?parent=11180"}],"wp:term":[{"taxonomy":"product_brand","embeddable":true,"href":"https:\/\/spgautomotive.com\/tr\/wp-json\/wp\/v2\/product_brand?post=11180"},{"taxonomy":"product_cat","embeddable":true,"href":"https:\/\/spgautomotive.com\/tr\/wp-json\/wp\/v2\/product_cat?post=11180"},{"taxonomy":"product_tag","embeddable":true,"href":"https:\/\/spgautomotive.com\/tr\/wp-json\/wp\/v2\/product_tag?post=11180"}],"curies":[{"name":"wp","href":"https:\/\/api.w.org\/{rel}","templated":true}]}}