{"id":11103,"date":"2023-08-09T10:39:56","date_gmt":"2023-08-09T10:39:56","guid":{"rendered":"https:\/\/spgautomotive.com\/?product=engine-oil-cover-plug-2"},"modified":"2023-10-25T11:40:41","modified_gmt":"2023-10-25T11:40:41","slug":"engine-oil-cover-plug-2","status":"publish","type":"product","link":"https:\/\/spgautomotive.com\/tr\/products\/engine\/lubrication\/oil-caps\/plugs-oil-caps\/engine-oil-cover-plug-2\/","title":{"rendered":"Motor Ya\u011f Kapa\u011f\u0131 Tapas\u0131"},"content":{"rendered":"<p>SPG002196 , O38103937 , VOLKSWAGEN | AUDI , Passat B5 \/ B6, Golf, Jetta, Beetle, A4 <\/p>","protected":false},"excerpt":{"rendered":"<p>Bu \u00fcr\u00fcn i\u00e7in minimum sipari\u015f adedi 1 adettir<\/p>","protected":false},"featured_media":5923,"template":"","meta":{"_acf_changed":false,"jetpack_post_was_ever_published":false},"product_brand":[],"product_cat":[5613],"product_tag":[1624],"class_list":{"0":"post-11103","1":"product","2":"type-product","3":"status-publish","4":"has-post-thumbnail","6":"product_cat-plugs-oil-caps","7":"product_tag-o38103937","8":"pa_brand-audi","9":"pa_brand-volkswagen","10":"pa_categories-plugs","11":"pa_model-a4","12":"pa_model-beetle","13":"pa_model-golf","14":"pa_model-jetta","15":"pa_model-passat-b5-b6-2","16":"pa_oem-o38103937","18":"first","19":"instock","20":"taxable","21":"shipping-taxable","22":"product-type-simple"},"acf":[],"yoast_head":"<!-- This site is optimized with the Yoast SEO plugin v27.3 - https:\/\/yoast.com\/product\/yoast-seo-wordpress\/ -->\n<title>Engine Oil Cover Plug - SPG Automotive<\/title>\n<meta name=\"robots\" content=\"index, follow, max-snippet:-1, max-image-preview:large, max-video-preview:-1\" \/>\n<link rel=\"canonical\" href=\"https:\/\/spgautomotive.com\/tr\/products\/engine\/lubrication\/oil-caps\/plugs-oil-caps\/engine-oil-cover-plug-2\/\" \/>\n<meta property=\"og:locale\" content=\"tr_TR\" \/>\n<meta property=\"og:type\" content=\"article\" \/>\n<meta property=\"og:title\" content=\"Engine Oil Cover Plug - SPG Automotive\" \/>\n<meta property=\"og:description\" content=\"Minimum order quantity of this item is 1 pcs\" \/>\n<meta property=\"og:url\" content=\"https:\/\/spgautomotive.com\/tr\/products\/engine\/lubrication\/oil-caps\/plugs-oil-caps\/engine-oil-cover-plug-2\/\" \/>\n<meta property=\"og:site_name\" content=\"SPG Automotive\" \/>\n<meta property=\"article:modified_time\" content=\"2023-10-25T11:40:41+00:00\" \/>\n<meta property=\"og:image\" content=\"https:\/\/spgautomotive.com\/wp-content\/uploads\/SPG002196.jpg\" \/>\n\t<meta property=\"og:image:width\" content=\"529\" \/>\n\t<meta property=\"og:image:height\" content=\"360\" \/>\n\t<meta property=\"og:image:type\" content=\"image\/jpeg\" \/>\n<meta name=\"twitter:card\" content=\"summary_large_image\" \/>\n<script type=\"application\/ld+json\" class=\"yoast-schema-graph\">{\"@context\":\"https:\\\/\\\/schema.org\",\"@graph\":[{\"@type\":\"WebPage\",\"@id\":\"https:\\\/\\\/spgautomotive.com\\\/products\\\/engine\\\/lubrication\\\/oil-caps\\\/plugs-oil-caps\\\/engine-oil-cover-plug-2\\\/\",\"url\":\"https:\\\/\\\/spgautomotive.com\\\/products\\\/engine\\\/lubrication\\\/oil-caps\\\/plugs-oil-caps\\\/engine-oil-cover-plug-2\\\/\",\"name\":\"Engine Oil Cover Plug - SPG Automotive\",\"isPartOf\":{\"@id\":\"https:\\\/\\\/spgautomotive.com\\\/#website\"},\"primaryImageOfPage\":{\"@id\":\"https:\\\/\\\/spgautomotive.com\\\/products\\\/engine\\\/lubrication\\\/oil-caps\\\/plugs-oil-caps\\\/engine-oil-cover-plug-2\\\/#primaryimage\"},\"image\":{\"@id\":\"https:\\\/\\\/spgautomotive.com\\\/products\\\/engine\\\/lubrication\\\/oil-caps\\\/plugs-oil-caps\\\/engine-oil-cover-plug-2\\\/#primaryimage\"},\"thumbnailUrl\":\"https:\\\/\\\/i0.wp.com\\\/spgautomotive.com\\\/wp-content\\\/uploads\\\/SPG002196.jpg?fit=529%2C360&ssl=1\",\"datePublished\":\"2023-08-09T10:39:56+00:00\",\"dateModified\":\"2023-10-25T11:40:41+00:00\",\"breadcrumb\":{\"@id\":\"https:\\\/\\\/spgautomotive.com\\\/products\\\/engine\\\/lubrication\\\/oil-caps\\\/plugs-oil-caps\\\/engine-oil-cover-plug-2\\\/#breadcrumb\"},\"inLanguage\":\"tr\",\"potentialAction\":[{\"@type\":\"ReadAction\",\"target\":[\"https:\\\/\\\/spgautomotive.com\\\/products\\\/engine\\\/lubrication\\\/oil-caps\\\/plugs-oil-caps\\\/engine-oil-cover-plug-2\\\/\"]}]},{\"@type\":\"ImageObject\",\"inLanguage\":\"tr\",\"@id\":\"https:\\\/\\\/spgautomotive.com\\\/products\\\/engine\\\/lubrication\\\/oil-caps\\\/plugs-oil-caps\\\/engine-oil-cover-plug-2\\\/#primaryimage\",\"url\":\"https:\\\/\\\/i0.wp.com\\\/spgautomotive.com\\\/wp-content\\\/uploads\\\/SPG002196.jpg?fit=529%2C360&ssl=1\",\"contentUrl\":\"https:\\\/\\\/i0.wp.com\\\/spgautomotive.com\\\/wp-content\\\/uploads\\\/SPG002196.jpg?fit=529%2C360&ssl=1\",\"width\":529,\"height\":360},{\"@type\":\"BreadcrumbList\",\"@id\":\"https:\\\/\\\/spgautomotive.com\\\/products\\\/engine\\\/lubrication\\\/oil-caps\\\/plugs-oil-caps\\\/engine-oil-cover-plug-2\\\/#breadcrumb\",\"itemListElement\":[{\"@type\":\"ListItem\",\"position\":1,\"name\":\"Home\",\"item\":\"https:\\\/\\\/spgautomotive.com\\\/\"},{\"@type\":\"ListItem\",\"position\":2,\"name\":\"Products\",\"item\":\"https:\\\/\\\/spgautomotive.com\\\/products\\\/\"},{\"@type\":\"ListItem\",\"position\":3,\"name\":\"Engine Oil Cover Plug\"}]},{\"@type\":\"WebSite\",\"@id\":\"https:\\\/\\\/spgautomotive.com\\\/#website\",\"url\":\"https:\\\/\\\/spgautomotive.com\\\/\",\"name\":\"SPG Automotive\",\"description\":\"\",\"publisher\":{\"@id\":\"https:\\\/\\\/spgautomotive.com\\\/#organization\"},\"potentialAction\":[{\"@type\":\"SearchAction\",\"target\":{\"@type\":\"EntryPoint\",\"urlTemplate\":\"https:\\\/\\\/spgautomotive.com\\\/?s={search_term_string}\"},\"query-input\":{\"@type\":\"PropertyValueSpecification\",\"valueRequired\":true,\"valueName\":\"search_term_string\"}}],\"inLanguage\":\"tr\"},{\"@type\":\"Organization\",\"@id\":\"https:\\\/\\\/spgautomotive.com\\\/#organization\",\"name\":\"SPG Automotive\",\"url\":\"https:\\\/\\\/spgautomotive.com\\\/\",\"logo\":{\"@type\":\"ImageObject\",\"inLanguage\":\"tr\",\"@id\":\"https:\\\/\\\/spgautomotive.com\\\/#\\\/schema\\\/logo\\\/image\\\/\",\"url\":\"https:\\\/\\\/i0.wp.com\\\/spgautomotive.com\\\/wp-content\\\/uploads\\\/spg-215-50.png?fit=215%2C50&ssl=1\",\"contentUrl\":\"https:\\\/\\\/i0.wp.com\\\/spgautomotive.com\\\/wp-content\\\/uploads\\\/spg-215-50.png?fit=215%2C50&ssl=1\",\"width\":215,\"height\":50,\"caption\":\"SPG Automotive\"},\"image\":{\"@id\":\"https:\\\/\\\/spgautomotive.com\\\/#\\\/schema\\\/logo\\\/image\\\/\"}}]}<\/script>\n<!-- \/ Yoast SEO plugin. -->","yoast_head_json":{"title":"Engine Oil Cover Plug - SPG Automotive","robots":{"index":"index","follow":"follow","max-snippet":"max-snippet:-1","max-image-preview":"max-image-preview:large","max-video-preview":"max-video-preview:-1"},"canonical":"https:\/\/spgautomotive.com\/tr\/products\/engine\/lubrication\/oil-caps\/plugs-oil-caps\/engine-oil-cover-plug-2\/","og_locale":"tr_TR","og_type":"article","og_title":"Engine Oil Cover Plug - SPG Automotive","og_description":"Minimum order quantity of this item is 1 pcs","og_url":"https:\/\/spgautomotive.com\/tr\/products\/engine\/lubrication\/oil-caps\/plugs-oil-caps\/engine-oil-cover-plug-2\/","og_site_name":"SPG Automotive","article_modified_time":"2023-10-25T11:40:41+00:00","og_image":[{"width":529,"height":360,"url":"https:\/\/spgautomotive.com\/wp-content\/uploads\/SPG002196.jpg","type":"image\/jpeg"}],"twitter_card":"summary_large_image","schema":{"@context":"https:\/\/schema.org","@graph":[{"@type":"WebPage","@id":"https:\/\/spgautomotive.com\/products\/engine\/lubrication\/oil-caps\/plugs-oil-caps\/engine-oil-cover-plug-2\/","url":"https:\/\/spgautomotive.com\/products\/engine\/lubrication\/oil-caps\/plugs-oil-caps\/engine-oil-cover-plug-2\/","name":"Engine Oil Cover Plug - SPG Automotive","isPartOf":{"@id":"https:\/\/spgautomotive.com\/#website"},"primaryImageOfPage":{"@id":"https:\/\/spgautomotive.com\/products\/engine\/lubrication\/oil-caps\/plugs-oil-caps\/engine-oil-cover-plug-2\/#primaryimage"},"image":{"@id":"https:\/\/spgautomotive.com\/products\/engine\/lubrication\/oil-caps\/plugs-oil-caps\/engine-oil-cover-plug-2\/#primaryimage"},"thumbnailUrl":"https:\/\/i0.wp.com\/spgautomotive.com\/wp-content\/uploads\/SPG002196.jpg?fit=529%2C360&ssl=1","datePublished":"2023-08-09T10:39:56+00:00","dateModified":"2023-10-25T11:40:41+00:00","breadcrumb":{"@id":"https:\/\/spgautomotive.com\/products\/engine\/lubrication\/oil-caps\/plugs-oil-caps\/engine-oil-cover-plug-2\/#breadcrumb"},"inLanguage":"tr","potentialAction":[{"@type":"ReadAction","target":["https:\/\/spgautomotive.com\/products\/engine\/lubrication\/oil-caps\/plugs-oil-caps\/engine-oil-cover-plug-2\/"]}]},{"@type":"ImageObject","inLanguage":"tr","@id":"https:\/\/spgautomotive.com\/products\/engine\/lubrication\/oil-caps\/plugs-oil-caps\/engine-oil-cover-plug-2\/#primaryimage","url":"https:\/\/i0.wp.com\/spgautomotive.com\/wp-content\/uploads\/SPG002196.jpg?fit=529%2C360&ssl=1","contentUrl":"https:\/\/i0.wp.com\/spgautomotive.com\/wp-content\/uploads\/SPG002196.jpg?fit=529%2C360&ssl=1","width":529,"height":360},{"@type":"BreadcrumbList","@id":"https:\/\/spgautomotive.com\/products\/engine\/lubrication\/oil-caps\/plugs-oil-caps\/engine-oil-cover-plug-2\/#breadcrumb","itemListElement":[{"@type":"ListItem","position":1,"name":"Home","item":"https:\/\/spgautomotive.com\/"},{"@type":"ListItem","position":2,"name":"Products","item":"https:\/\/spgautomotive.com\/products\/"},{"@type":"ListItem","position":3,"name":"Engine Oil Cover Plug"}]},{"@type":"WebSite","@id":"https:\/\/spgautomotive.com\/#website","url":"https:\/\/spgautomotive.com\/","name":"SPG Automotive","description":"","publisher":{"@id":"https:\/\/spgautomotive.com\/#organization"},"potentialAction":[{"@type":"SearchAction","target":{"@type":"EntryPoint","urlTemplate":"https:\/\/spgautomotive.com\/?s={search_term_string}"},"query-input":{"@type":"PropertyValueSpecification","valueRequired":true,"valueName":"search_term_string"}}],"inLanguage":"tr"},{"@type":"Organization","@id":"https:\/\/spgautomotive.com\/#organization","name":"SPG Automotive","url":"https:\/\/spgautomotive.com\/","logo":{"@type":"ImageObject","inLanguage":"tr","@id":"https:\/\/spgautomotive.com\/#\/schema\/logo\/image\/","url":"https:\/\/i0.wp.com\/spgautomotive.com\/wp-content\/uploads\/spg-215-50.png?fit=215%2C50&ssl=1","contentUrl":"https:\/\/i0.wp.com\/spgautomotive.com\/wp-content\/uploads\/spg-215-50.png?fit=215%2C50&ssl=1","width":215,"height":50,"caption":"SPG Automotive"},"image":{"@id":"https:\/\/spgautomotive.com\/#\/schema\/logo\/image\/"}}]}},"jetpack_sharing_enabled":true,"_links":{"self":[{"href":"https:\/\/spgautomotive.com\/tr\/wp-json\/wp\/v2\/product\/11103","targetHints":{"allow":["GET"]}}],"collection":[{"href":"https:\/\/spgautomotive.com\/tr\/wp-json\/wp\/v2\/product"}],"about":[{"href":"https:\/\/spgautomotive.com\/tr\/wp-json\/wp\/v2\/types\/product"}],"wp:featuredmedia":[{"embeddable":true,"href":"https:\/\/spgautomotive.com\/tr\/wp-json\/wp\/v2\/media\/5923"}],"wp:attachment":[{"href":"https:\/\/spgautomotive.com\/tr\/wp-json\/wp\/v2\/media?parent=11103"}],"wp:term":[{"taxonomy":"product_brand","embeddable":true,"href":"https:\/\/spgautomotive.com\/tr\/wp-json\/wp\/v2\/product_brand?post=11103"},{"taxonomy":"product_cat","embeddable":true,"href":"https:\/\/spgautomotive.com\/tr\/wp-json\/wp\/v2\/product_cat?post=11103"},{"taxonomy":"product_tag","embeddable":true,"href":"https:\/\/spgautomotive.com\/tr\/wp-json\/wp\/v2\/product_tag?post=11103"}],"curies":[{"name":"wp","href":"https:\/\/api.w.org\/{rel}","templated":true}]}}